{"id":126,"date":"2026-03-27T18:29:26","date_gmt":"2026-03-27T17:29:26","guid":{"rendered":"https:\/\/sos-captcha.com\/about\/"},"modified":"2026-04-08T19:27:49","modified_gmt":"2026-04-08T17:27:49","slug":"about-2-8","status":"publish","type":"page","link":"https:\/\/sos-captcha.com\/pt-br\/about-2-8\/","title":{"rendered":"About"},"content":{"rendered":"\n<div class=\"wp-block-group alignfull has-global-padding is-layout-constrained wp-container-core-group-is-layout-fcda8592 wp-block-group-is-layout-constrained\" style=\"padding-top:96px;padding-right:24px;padding-bottom:60px;padding-left:24px\">\n\t\n\t<p class=\"has-small-font-size\" style=\"font-style:normal;font-weight:600;letter-spacing:1px;text-transform:uppercase\">Sobre<\/p>\n\t\n\n\t\n\t<h1 class=\"wp-block-heading\" style=\"font-size:clamp(1.743rem, 1.743rem + ((1vw - 0.2rem) * 1.972), 3rem);line-height:1.15\">A privacidade n\u00e3o deve ser opcional<\/h1>\n\t\n<\/div>\n\n\n\n<div class=\"wp-block-group alignfull has-global-padding is-layout-constrained wp-container-core-group-is-layout-ce60ecf1 wp-block-group-is-layout-constrained\" style=\"padding-top:0px;padding-right:24px;padding-bottom:80px;padding-left:24px\">\n\t\n\t<h2 class=\"wp-block-heading\" style=\"font-size:clamp(1.119rem, 1.119rem + ((1vw - 0.2rem) * 0.99), 1.75rem);font-weight:700\">Quem somos<\/h2>\n\t\n\n\t\n\t<p style=\"font-size:clamp(0.875rem, 0.875rem + ((1vw - 0.2rem) * 0.392), 1.125rem);line-height:1.7\">O SlideMe Out of Spam foi criado por Nicolas LESCURE, um desenvolvedor independente e fundador da <a href=\"https:\/\/radicalsolution.com\">RadicalSolution<\/a>. Sediada na Fran\u00e7a, a RadicalSolution cria ferramentas e servi\u00e7os projetados com base em um princ\u00edpio: seus dados pertencem a voc\u00ea.<\/p>\n\t\n\n\t\n\t<h2 class=\"wp-block-heading\" style=\"font-size:clamp(1.119rem, 1.119rem + ((1vw - 0.2rem) * 0.99), 1.75rem);font-weight:700;margin-top:48px\">Por que isso \u00e9 importante<\/h2>\n\t\n\n\t\n\t<p style=\"font-size:clamp(0.875rem, 0.875rem + ((1vw - 0.2rem) * 0.392), 1.125rem);line-height:1.7\">Vivemos em um mundo em que a vigil\u00e2ncia se tornou o padr\u00e3o. Isso acontece de forma silenciosa, por meio de redes de publicidade em que um \u00fanico site pode compartilhar seus dados com centenas de &#8220;parceiros&#8221; Ela acontece abertamente, por meio de programas governamentais no Reino Unido, nos EUA e em outros lugares que normalizam a coleta de dados em massa.<\/p>\n\t\n\n\t\n\t<p style=\"font-size:clamp(0.875rem, 0.875rem + ((1vw - 0.2rem) * 0.392), 1.125rem);line-height:1.7\">Como desenvolvedor, fiquei cada vez mais desconfort\u00e1vel ao criar sistemas que tratam o rastreamento de usu\u00e1rios como uma troca aceit\u00e1vel. Por isso, comecei a criar de forma diferente &#8211; privacidade desde a concep\u00e7\u00e3o, sem rastreamento, sem depend\u00eancias externas.<\/p>\n\t\n\n\t\n\t<h2 class=\"wp-block-heading\" style=\"font-size:clamp(1.119rem, 1.119rem + ((1vw - 0.2rem) * 0.99), 1.75rem);font-weight:700;margin-top:48px\">O problema com o CAPTCHA<\/h2>\n\t\n\n\t\n\t<p style=\"font-size:clamp(0.875rem, 0.875rem + ((1vw - 0.2rem) * 0.392), 1.125rem);line-height:1.7\">A prote\u00e7\u00e3o contra spam \u00e9 essencial &#8211; qualquer pessoa que tenha administrado um site WordPress conhece a dor dos envios de bots que inundam os formul\u00e1rios de contato e as se\u00e7\u00f5es de coment\u00e1rios. Mas as solu\u00e7\u00f5es dominantes v\u00eam com uma bagagem s\u00e9ria: elas enviam dados de usu\u00e1rios a terceiros, lan\u00e7am cookies de rastreamento e criam depend\u00eancias de empresas cujo modelo de neg\u00f3cios \u00e9 baseado em vigil\u00e2ncia.<\/p>\n\t\n\n\t\n\t<p style=\"font-size:clamp(0.875rem, 0.875rem + ((1vw - 0.2rem) * 0.392), 1.125rem);line-height:1.7\">O SlideMe Out of Spam prova que n\u00e3o precisa ser assim. Ele \u00e9 executado inteiramente em seu servidor. N\u00e3o coleta nenhum dado pessoal. N\u00e3o faz nenhuma solicita\u00e7\u00e3o externa. E interrompe os bots de forma eficaz com um desafio simples e intuitivo de controle deslizante.<\/p>\n\t\n\n\t\n\t<h2 class=\"wp-block-heading\" style=\"font-size:clamp(1.119rem, 1.119rem + ((1vw - 0.2rem) * 0.99), 1.75rem);font-weight:700;margin-top:48px\">Nossa abordagem<\/h2>\n\t\n\n\t\n\t<p style=\"font-size:clamp(0.875rem, 0.875rem + ((1vw - 0.2rem) * 0.392), 1.125rem);line-height:1.7\">Todos os produtos da RadicalSolution seguem as mesmas regras: nenhum rastreamento de usu\u00e1rio, nenhuma coleta de dados, nenhuma depend\u00eancia de terceiros quando evit\u00e1vel. Acreditamos que as ferramentas devem servir aos usu\u00e1rios, n\u00e3o monetiz\u00e1-los.<\/p>\n\t\n\n\t\n\t<p style=\"font-size:clamp(0.875rem, 0.875rem + ((1vw - 0.2rem) * 0.392), 1.125rem);line-height:1.7\">Se voc\u00ea compartilha dessa vis\u00e3o, o SlideMe Out of Spam foi criado para voc\u00ea.<\/p>\n\t\n<\/div>\n\n\n\n<div class=\"wp-block-group alignfull has-base-2-background-color has-background has-global-padding is-layout-constrained wp-container-core-group-is-layout-a6e002c0 wp-block-group-is-layout-constrained\" style=\"padding-top:60px;padding-right:24px;padding-bottom:80px;padding-left:24px\">\n\t\n\t<h2 class=\"wp-block-heading has-text-align-center\" style=\"font-size:clamp(1.25rem, 1.25rem + ((1vw - 0.2rem) * 1.176), 2rem);font-weight:700\">Pronto para proteger seus formul\u00e1rios da maneira certa?<\/h2>\n\t\n\n\t\n\t<div class=\"wp-block-buttons is-content-justification-center is-layout-flex wp-container-core-buttons-is-layout-33590bc7 wp-block-buttons-is-layout-flex\" style=\"margin-top:24px\">\n\t\t\n\t\t<div class=\"wp-block-button\"><a class=\"wp-block-button__link has-base-color has-contrast-background-color has-text-color has-background wp-element-button\" href=\"\/pricing\" style=\"border-radius:8px;padding-top:16px;padding-right:28px;padding-bottom:16px;padding-left:28px\">Exibir planos<\/a><\/div>\n\t\t\n\t<\/div>\n\t\n<\/div>\n","protected":false},"excerpt":{"rendered":"<p>Sobre A privacidade n\u00e3o deve ser opcional Quem somos O SlideMe Out of Spam foi criado por Nicolas LESCURE, um desenvolvedor independente e fundador da RadicalSolution. Sediada na Fran\u00e7a, a RadicalSolution cria ferramentas e servi\u00e7os projetados com base em um princ\u00edpio: seus dados pertencem a voc\u00ea. Por que isso \u00e9 importante Vivemos em um mundo [&hellip;]<\/p>\n","protected":false},"author":1,"featured_media":0,"parent":0,"menu_order":0,"comment_status":"closed","ping_status":"closed","template":"","meta":{"footnotes":""},"class_list":["post-126","page","type-page","status-publish","hentry"],"yoast_head":"<!-- This site is optimized with the Yoast SEO plugin v27.3 - https:\/\/yoast.com\/product\/yoast-seo-wordpress\/ -->\n<title>About - SlideMe Out of Spam - Privacy-Friendly CAPTCHA for WordPress<\/title>\n<meta name=\"robots\" content=\"index, follow, max-snippet:-1, max-image-preview:large, max-video-preview:-1\" \/>\n<link rel=\"canonical\" href=\"https:\/\/sos-captcha.com\/pt-br\/about-2-8\/\" \/>\n<meta property=\"og:locale\" content=\"pt_BR\" \/>\n<meta property=\"og:type\" content=\"article\" \/>\n<meta property=\"og:title\" content=\"About - SlideMe Out of Spam - Privacy-Friendly CAPTCHA for WordPress\" \/>\n<meta property=\"og:description\" content=\"Sobre A privacidade n\u00e3o deve ser opcional Quem somos O SlideMe Out of Spam foi criado por Nicolas LESCURE, um desenvolvedor independente e fundador da RadicalSolution. Sediada na Fran\u00e7a, a RadicalSolution cria ferramentas e servi\u00e7os projetados com base em um princ\u00edpio: seus dados pertencem a voc\u00ea. Por que isso \u00e9 importante Vivemos em um mundo [&hellip;]\" \/>\n<meta property=\"og:url\" content=\"https:\/\/sos-captcha.com\/pt-br\/about-2-8\/\" \/>\n<meta property=\"og:site_name\" content=\"SlideMe Out of Spam - Privacy-Friendly CAPTCHA for WordPress\" \/>\n<meta property=\"article:modified_time\" content=\"2026-04-08T17:27:49+00:00\" \/>\n<meta name=\"twitter:card\" content=\"summary_large_image\" \/>\n<meta name=\"twitter:label1\" content=\"Est. tempo de leitura\" \/>\n\t<meta name=\"twitter:data1\" content=\"2 minutos\" \/>\n<script type=\"application\/ld+json\" class=\"yoast-schema-graph\">{\"@context\":\"https:\\\/\\\/schema.org\",\"@graph\":[{\"@type\":\"WebPage\",\"@id\":\"https:\\\/\\\/sos-captcha.com\\\/pt-br\\\/about-2-8\\\/\",\"url\":\"https:\\\/\\\/sos-captcha.com\\\/pt-br\\\/about-2-8\\\/\",\"name\":\"About - SlideMe Out of Spam - Privacy-Friendly CAPTCHA for WordPress\",\"isPartOf\":{\"@id\":\"https:\\\/\\\/sos-captcha.com\\\/pt-br\\\/#website\"},\"datePublished\":\"2026-03-27T17:29:26+00:00\",\"dateModified\":\"2026-04-08T17:27:49+00:00\",\"breadcrumb\":{\"@id\":\"https:\\\/\\\/sos-captcha.com\\\/pt-br\\\/about-2-8\\\/#breadcrumb\"},\"inLanguage\":\"pt-BR\",\"potentialAction\":[{\"@type\":\"ReadAction\",\"target\":[\"https:\\\/\\\/sos-captcha.com\\\/pt-br\\\/about-2-8\\\/\"]}]},{\"@type\":\"BreadcrumbList\",\"@id\":\"https:\\\/\\\/sos-captcha.com\\\/pt-br\\\/about-2-8\\\/#breadcrumb\",\"itemListElement\":[{\"@type\":\"ListItem\",\"position\":1,\"name\":\"Accueil\",\"item\":\"https:\\\/\\\/sos-captcha.com\\\/pt-br\\\/\"},{\"@type\":\"ListItem\",\"position\":2,\"name\":\"About\"}]},{\"@type\":\"WebSite\",\"@id\":\"https:\\\/\\\/sos-captcha.com\\\/pt-br\\\/#website\",\"url\":\"https:\\\/\\\/sos-captcha.com\\\/pt-br\\\/\",\"name\":\"SlideMe Out of Spam - Privacy-Friendly CAPTCHA for WordPress\",\"description\":\"Stop bots and spam without tracking your users. No cookies. No fingerprinting. No external services\",\"potentialAction\":[{\"@type\":\"SearchAction\",\"target\":{\"@type\":\"EntryPoint\",\"urlTemplate\":\"https:\\\/\\\/sos-captcha.com\\\/pt-br\\\/?s={search_term_string}\"},\"query-input\":{\"@type\":\"PropertyValueSpecification\",\"valueRequired\":true,\"valueName\":\"search_term_string\"}}],\"inLanguage\":\"pt-BR\"}]}<\/script>\n<!-- \/ Yoast SEO plugin. -->","yoast_head_json":{"title":"About - SlideMe Out of Spam - Privacy-Friendly CAPTCHA for WordPress","robots":{"index":"index","follow":"follow","max-snippet":"max-snippet:-1","max-image-preview":"max-image-preview:large","max-video-preview":"max-video-preview:-1"},"canonical":"https:\/\/sos-captcha.com\/pt-br\/about-2-8\/","og_locale":"pt_BR","og_type":"article","og_title":"About - SlideMe Out of Spam - Privacy-Friendly CAPTCHA for WordPress","og_description":"Sobre A privacidade n\u00e3o deve ser opcional Quem somos O SlideMe Out of Spam foi criado por Nicolas LESCURE, um desenvolvedor independente e fundador da RadicalSolution. Sediada na Fran\u00e7a, a RadicalSolution cria ferramentas e servi\u00e7os projetados com base em um princ\u00edpio: seus dados pertencem a voc\u00ea. Por que isso \u00e9 importante Vivemos em um mundo [&hellip;]","og_url":"https:\/\/sos-captcha.com\/pt-br\/about-2-8\/","og_site_name":"SlideMe Out of Spam - Privacy-Friendly CAPTCHA for WordPress","article_modified_time":"2026-04-08T17:27:49+00:00","twitter_card":"summary_large_image","twitter_misc":{"Est. tempo de leitura":"2 minutos"},"schema":{"@context":"https:\/\/schema.org","@graph":[{"@type":"WebPage","@id":"https:\/\/sos-captcha.com\/pt-br\/about-2-8\/","url":"https:\/\/sos-captcha.com\/pt-br\/about-2-8\/","name":"About - SlideMe Out of Spam - Privacy-Friendly CAPTCHA for WordPress","isPartOf":{"@id":"https:\/\/sos-captcha.com\/pt-br\/#website"},"datePublished":"2026-03-27T17:29:26+00:00","dateModified":"2026-04-08T17:27:49+00:00","breadcrumb":{"@id":"https:\/\/sos-captcha.com\/pt-br\/about-2-8\/#breadcrumb"},"inLanguage":"pt-BR","potentialAction":[{"@type":"ReadAction","target":["https:\/\/sos-captcha.com\/pt-br\/about-2-8\/"]}]},{"@type":"BreadcrumbList","@id":"https:\/\/sos-captcha.com\/pt-br\/about-2-8\/#breadcrumb","itemListElement":[{"@type":"ListItem","position":1,"name":"Accueil","item":"https:\/\/sos-captcha.com\/pt-br\/"},{"@type":"ListItem","position":2,"name":"About"}]},{"@type":"WebSite","@id":"https:\/\/sos-captcha.com\/pt-br\/#website","url":"https:\/\/sos-captcha.com\/pt-br\/","name":"SlideMe Out of Spam - Privacy-Friendly CAPTCHA for WordPress","description":"Stop bots and spam without tracking your users. No cookies. No fingerprinting. No external services","potentialAction":[{"@type":"SearchAction","target":{"@type":"EntryPoint","urlTemplate":"https:\/\/sos-captcha.com\/pt-br\/?s={search_term_string}"},"query-input":{"@type":"PropertyValueSpecification","valueRequired":true,"valueName":"search_term_string"}}],"inLanguage":"pt-BR"}]}},"_links":{"self":[{"href":"https:\/\/sos-captcha.com\/pt-br\/wp-json\/wp\/v2\/pages\/126","targetHints":{"allow":["GET"]}}],"collection":[{"href":"https:\/\/sos-captcha.com\/pt-br\/wp-json\/wp\/v2\/pages"}],"about":[{"href":"https:\/\/sos-captcha.com\/pt-br\/wp-json\/wp\/v2\/types\/page"}],"author":[{"embeddable":true,"href":"https:\/\/sos-captcha.com\/pt-br\/wp-json\/wp\/v2\/users\/1"}],"replies":[{"embeddable":true,"href":"https:\/\/sos-captcha.com\/pt-br\/wp-json\/wp\/v2\/comments?post=126"}],"version-history":[{"count":7,"href":"https:\/\/sos-captcha.com\/pt-br\/wp-json\/wp\/v2\/pages\/126\/revisions"}],"predecessor-version":[{"id":641,"href":"https:\/\/sos-captcha.com\/pt-br\/wp-json\/wp\/v2\/pages\/126\/revisions\/641"}],"wp:attachment":[{"href":"https:\/\/sos-captcha.com\/pt-br\/wp-json\/wp\/v2\/media?parent=126"}],"curies":[{"name":"wp","href":"https:\/\/api.w.org\/{rel}","templated":true}]}}