{"id":107,"date":"2026-03-27T20:20:04","date_gmt":"2026-03-27T19:20:04","guid":{"rendered":"https:\/\/sos-captcha.com\/faqs\/"},"modified":"2026-04-08T19:28:13","modified_gmt":"2026-04-08T17:28:13","slug":"faqs-2-6","status":"publish","type":"page","link":"https:\/\/sos-captcha.com\/it\/faqs-2-6\/","title":{"rendered":"FAQs"},"content":{"rendered":"\n<div class=\"wp-block-group alignfull has-global-padding is-layout-constrained wp-container-core-group-is-layout-1b369ffd wp-block-group-is-layout-constrained\" style=\"padding-top:96px;padding-right:24px;padding-bottom:40px;padding-left:24px\">\n\t\n\t<p class=\"has-small-font-size\" style=\"font-style:normal;font-weight:600;letter-spacing:1px;text-transform:uppercase\">Supporto<\/p>\n\t\n\n\t\n\t<h1 class=\"wp-block-heading\" style=\"font-size:clamp(1.743rem, 1.743rem + ((1vw - 0.2rem) * 1.972), 3rem);line-height:1.15\">Domande frequenti<\/h1>\n\t\n\n\t\n\t<p style=\"font-size:clamp(0.875rem, 0.875rem + ((1vw - 0.2rem) * 0.588), 1.25rem);line-height:1.6\">Tutto ci\u00f2 che dovete sapere su SlideMe Out of Spam.<\/p>\n\t\n<\/div>\n\n\n\n<div class=\"wp-block-group alignfull has-global-padding is-layout-constrained wp-container-core-group-is-layout-cd8ddf25 wp-block-group-is-layout-constrained\" style=\"padding-top:20px;padding-right:24px;padding-bottom:60px;padding-left:24px\">\n\t\n\t<h2 class=\"wp-block-heading\" style=\"font-size:clamp(1.119rem, 1.119rem + ((1vw - 0.2rem) * 0.99), 1.75rem);font-weight:700;margin-bottom:20px\">Generale<\/h2>\n\t\n\n\t\n\t<details class=\"wp-block-details is-layout-flow wp-block-details-is-layout-flow\"><summary>Cos&#8217;\u00e8 SlideMe Out of Spam?<\/summary><p>SlideMe Out of Spam (SOS) \u00e8 un plugin per WordPress che protegge i vostri moduli dallo spam e dai bot utilizzando una sfida interattiva a scorrimento (in realt\u00e0 sfide crittografiche invisibili). A differenza dei CAPTCHA tradizionali, funziona interamente sul vostro server senza richieste esterne, senza cookie e senza tracciamento degli utenti.<\/p><\/details>\n\t\n\n\t\n\t<details class=\"wp-block-details is-layout-flow wp-block-details-is-layout-flow\"><summary>Come funziona la sfida a scorrimento?<\/summary><p>Quando un utente invia un modulo, gli viene chiesto di far scorrere una maniglia lungo un percorso. Il plugin genera punti di controllo casuali lungo il percorso del cursore, ognuno dei quali contiene un token crittografico. L&#8217;utente deve passare attraverso questi punti di controllo per dimostrare di essere umano. I bot non possono replicare questo movimento naturale di scorrimento.<\/p><\/details>\n\t\n\n\t\n\t<details class=\"wp-block-details is-layout-flow wp-block-details-is-layout-flow\"><summary>In cosa \u00e8 diverso da reCAPTCHA o hCaptcha?<\/summary><p>reCAPTCHA e hCaptcha si affidano a servizi esterni, inviano i dati dell&#8217;utente a server di terze parti e spesso utilizzano cookie e impronte digitali del browser. SlideMe Out of Spam funziona al 100% sul vostro server. Nessun dato lascia il vostro sito. Non viene caricato alcun JavaScript esterno. Nessun tipo di tracciamento.<\/p><\/details>\n\t\n\n\t\n\t<details class=\"wp-block-details is-layout-flow wp-block-details-is-layout-flow\"><summary>Blocca davvero i bot?<\/summary><p>S\u00ec. Lo slider genera token crittografici unici per ogni sessione con posizioni di controllo casuali. In combinazione con la convalida dei tempi lato server e la limitazione del tasso (oltre all&#8217;analisi del comportamento e all&#8217;honeypot sui piani premium), fornisce una forte protezione contro gli invii automatici.<\/p><\/details>\n\t\n<\/div>\n\n\n\n<div class=\"wp-block-group alignfull has-base-2-background-color has-background has-global-padding is-layout-constrained wp-container-core-group-is-layout-cd8ddf25 wp-block-group-is-layout-constrained\" style=\"padding-top:20px;padding-right:24px;padding-bottom:60px;padding-left:24px\">\n\t\n\t<h2 class=\"wp-block-heading\" style=\"font-size:clamp(1.119rem, 1.119rem + ((1vw - 0.2rem) * 0.99), 1.75rem);font-weight:700;margin-bottom:20px\">Installazione e compatibilit\u00e0<\/h2>\n\t\n\n\t\n\t<details class=\"wp-block-details is-layout-flow wp-block-details-is-layout-flow\"><summary>Quali versioni di WordPress sono supportate?<\/summary><p>SlideMe Out of Spam richiede WordPress 5.0 o successivo e PHP 7.4 o successivo. \u00c8 stato testato fino a PHP 8.4 e all&#8217;ultima release di WordPress.<\/p><\/details>\n\t\n\n\t\n\t<details class=\"wp-block-details is-layout-flow wp-block-details-is-layout-flow\"><summary>Quali sono i plugin per i moduli supportati?<\/summary><p>La versione gratuita supporta WordPress Comments e Contact Form 7. I piani premium aggiungono il supporto per WPForm. I piani premium aggiungono il supporto per WPForms, Gravity Forms, Ninja Forms e i moduli di checkout e registrazione di WooCommerce.<\/p><\/details>\n\t\n\n\t\n\t<details class=\"wp-block-details is-layout-flow wp-block-details-is-layout-flow\"><summary>Va in conflitto con altri plugin?<\/summary><p>Il plugin \u00e8 progettato per essere leggero e non intrusivo. Carica le sue risorse solo sulle pagine in cui \u00e8 presente un modulo protetto. I conflitti sono rari, ma se ne riscontrate uno, il nostro team di supporto pu\u00f2 aiutarvi.<\/p><\/details>\n\t\n\n\t\n\t<details class=\"wp-block-details is-layout-flow wp-block-details-is-layout-flow\"><summary>Come si installa?<\/summary><p>Installatelo dalla directory dei plugin di WordPress (cercate &#8220;SlideMe Out of Spam&#8221;), oppure caricate il file ZIP del plugin tramite Plugin \u2192 Aggiungi nuovo \u2192 Carica. Attivate il plugin, andate su Impostazioni \u2192 SOS e attivate la protezione sui moduli che volete proteggere.<\/p><\/details>\n\t\n<\/div>\n\n\n\n<div class=\"wp-block-group alignfull has-global-padding is-layout-constrained wp-container-core-group-is-layout-cd8ddf25 wp-block-group-is-layout-constrained\" style=\"padding-top:20px;padding-right:24px;padding-bottom:60px;padding-left:24px\">\n\t\n\t<h2 class=\"wp-block-heading\" style=\"font-size:clamp(1.119rem, 1.119rem + ((1vw - 0.2rem) * 0.99), 1.75rem);font-weight:700;margin-bottom:20px\">Privacy e conformit\u00e0<\/h2>\n\t\n\n\t\n\t<details class=\"wp-block-details is-layout-flow wp-block-details-is-layout-flow\"><summary>Il plugin raccoglie dati personali?<\/summary><p>No. SlideMe Out of Spam non raccoglie dati personali. Non utilizza cookie, non rileva le impronte digitali dei browser, non tiene traccia del comportamento degli utenti nelle varie pagine e non invia informazioni a server esterni.<\/p><\/details>\n\t\n\n\t\n\t<details class=\"wp-block-details is-layout-flow wp-block-details-is-layout-flow\"><summary>\u00c8 conforme al GDPR e al CCPA?<\/summary><p>S\u00ec. Poich\u00e9 il plugin non raccoglie dati personali e non effettua richieste esterne, \u00e8 conforme al GDPR, al CCPA e ad altre normative sulla privacy. Non \u00e8 necessario aggiungere un banner di consenso ai cookie per questo plugin.<\/p><\/details>\n\t\n\n\t\n\t<details class=\"wp-block-details is-layout-flow wp-block-details-is-layout-flow\"><summary>Carica script esterni o effettua chiamate API?<\/summary><p>No. Tutto viene eseguito sul vostro server. Nessun JavaScript esterno, nessuna chiamata API, nessuna dipendenza da CDN. L&#8217;ingombro totale del plugin \u00e8 inferiore a 20KB.<\/p><\/details>\n\t\n<\/div>\n\n\n\n<div class=\"wp-block-group alignfull has-base-2-background-color has-background has-global-padding is-layout-constrained wp-container-core-group-is-layout-cd8ddf25 wp-block-group-is-layout-constrained\" style=\"padding-top:20px;padding-right:24px;padding-bottom:60px;padding-left:24px\">\n\t\n\t<h2 class=\"wp-block-heading\" style=\"font-size:clamp(1.119rem, 1.119rem + ((1vw - 0.2rem) * 0.99), 1.75rem);font-weight:700;margin-bottom:20px\">Prezzi e licenze<\/h2>\n\t\n\n\t\n\t<details class=\"wp-block-details is-layout-flow wp-block-details-is-layout-flow\"><summary>Che cosa include la versione gratuita?<\/summary><p>La versione gratuita protegge WordPress Comments e Contact Form 7 su un sito web. Include la sfida completa dello slider con convalida lato server, limitazione del tasso e token crittografici. Nessuna funzionalit\u00e0 \u00e8 limitata artificialmente.<\/p><\/details>\n\t\n\n\t\n\t<details class=\"wp-block-details is-layout-flow wp-block-details-is-layout-flow\"><summary>Cosa aggiungono i piani premium?<\/summary><p>I piani premium sbloccano integrazioni aggiuntive dei moduli (WPForms, Gravity Forms, Ninja Forms, WooCommerce), analisi del comportamento per un rilevamento pi\u00f9 efficace dei bot, campi honeypot e assistenza prioritaria. I piani si differenziano per il numero di siti che \u00e8 possibile proteggere.<\/p><\/details>\n\t\n\n\t\n\t<details class=\"wp-block-details is-layout-flow wp-block-details-is-layout-flow\"><summary>Come funziona la licenza?<\/summary><p>Dopo aver acquistato un piano, si riceve una chiave di licenza. Inseritela in Impostazioni \u2192 SOS \u2192 Licenza nell&#8217;amministrazione di WordPress. Il plugin verifica la licenza con il nostro server e sblocca le funzionalit\u00e0 premium. Ogni licenza \u00e8 legata a un certo numero di siti, a seconda del piano.<\/p><\/details>\n\t\n\n\t\n\t<details class=\"wp-block-details is-layout-flow wp-block-details-is-layout-flow\"><summary>Posso cambiare piano o cancellarlo?<\/summary><p>S\u00ec. \u00c8 possibile effettuare l&#8217;upgrade o il downgrade in qualsiasi momento. In caso di cancellazione, le funzionalit\u00e0 premium rimangono attive fino alla fine del periodo di fatturazione corrente. Non sono previsti rimborsi, in conformit\u00e0 con le normative dell&#8217;UE sui beni digitali, ad eccezione del periodo di recesso di 14 giorni per i clienti dell&#8217;UE.<\/p><\/details>\n\t\n<\/div>\n\n\n\n<div class=\"wp-block-group alignfull has-global-padding is-layout-constrained wp-container-core-group-is-layout-cd8ddf25 wp-block-group-is-layout-constrained\" style=\"padding-top:20px;padding-right:24px;padding-bottom:60px;padding-left:24px\">\n\t\n\t<h2 class=\"wp-block-heading\" style=\"font-size:clamp(1.119rem, 1.119rem + ((1vw - 0.2rem) * 0.99), 1.75rem);font-weight:700;margin-bottom:20px\">Tecnico<\/h2>\n\t\n\n\t\n\t<details class=\"wp-block-details is-layout-flow wp-block-details-is-layout-flow\"><summary>Il plugin influisce sulla velocit\u00e0 della pagina?<\/summary><p>No. Il plugin ha un peso totale inferiore a 20KB e carica le risorse solo nelle pagine con moduli protetti. Non effettua richieste esterne, quindi non aggiunge praticamente nulla al tempo di caricamento della pagina.<\/p><\/details>\n\t\n\n\t\n\t<details class=\"wp-block-details is-layout-flow wp-block-details-is-layout-flow\"><summary>Funziona con i plugin di caching?<\/summary><p>S\u00ec. Lo slider challenge utilizza AJAX per generare e convalidare le sessioni, quindi funziona correttamente con tutti i principali plugin di caching (WP Super Cache, W3 Total Cache, WP Rocket, ecc.).<\/p><\/details>\n\t\n\n\t\n\t<details class=\"wp-block-details is-layout-flow wp-block-details-is-layout-flow\"><summary>Quali browser sono supportati?<\/summary><p>Sono supportati tutti i browser moderni: Chrome, Firefox, Safari, Edge e i loro equivalenti mobili. Il cursore utilizza gli eventi standard del tocco e del mouse per un&#8217;ampia compatibilit\u00e0.<\/p><\/details>\n\t\n<\/div>\n\n\n\n<div class=\"wp-block-group alignfull has-base-2-background-color has-background has-global-padding is-layout-constrained wp-container-core-group-is-layout-77091f6c wp-block-group-is-layout-constrained\" style=\"padding-top:20px;padding-right:24px;padding-bottom:80px;padding-left:24px\">\n\t\n\t<h2 class=\"wp-block-heading\" style=\"font-size:clamp(1.119rem, 1.119rem + ((1vw - 0.2rem) * 0.99), 1.75rem);font-weight:700;margin-bottom:20px\">Supporto<\/h2>\n\t\n\n\t\n\t<details class=\"wp-block-details is-layout-flow wp-block-details-is-layout-flow\"><summary>Come posso ottenere aiuto?<\/summary><p>Gli utenti gratuiti possono utilizzare il forum di supporto di WordPress.org. Gli utenti premium possono ricevere assistenza via e-mail con priorit\u00e0 di risposta. Visitate la nostra pagina di supporto o <a href=\"#\" class=\"protected-email\" data-encoded=\"c6b5b3b6b6a9b4b286b5a9b5eba5a7b6b2a5aea7e8a5a9ab\" data-keep-label=1>inviateci un&#8217;e-mail<\/a><\/p><\/details>\n\t\n\n\t\n\t<details class=\"wp-block-details is-layout-flow wp-block-details-is-layout-flow\"><summary>Quali sono i tempi di risposta per l&#8217;assistenza?<\/summary><p>Le richieste di assistenza Premium ricevono in genere una risposta entro 24 ore nei giorni lavorativi. Il supporto della community su WordPress.org dipende dalla disponibilit\u00e0, ma viene monitorato regolarmente.<\/p><\/details>\n\t\n<\/div>\n\n\n\n<div class=\"wp-block-group alignfull has-global-padding is-layout-constrained wp-container-core-group-is-layout-5d0a5237 wp-block-group-is-layout-constrained\" style=\"padding-top:60px;padding-right:24px;padding-bottom:80px;padding-left:24px\">\n\t\n\t<h2 class=\"wp-block-heading has-text-align-center\" style=\"font-size:clamp(1.25rem, 1.25rem + ((1vw - 0.2rem) * 1.176), 2rem);font-weight:700\">Avete ancora domande?<\/h2>\n\t\n\n\t\n\t<p class=\"has-text-align-center\" style=\"margin-top:12px;margin-bottom:24px;font-size:clamp(0.875rem, 0.875rem + ((1vw - 0.2rem) * 0.392), 1.125rem);\">Contattateci e saremo felici di aiutarvi.<\/p>\n\t\n\n\t\n\t<div class=\"wp-block-buttons is-content-justification-center is-layout-flex wp-container-core-buttons-is-layout-a89b3969 wp-block-buttons-is-layout-flex\">\n\t\t\n\t\t<div class=\"wp-block-button\"><a class=\" protected-email wp-block-button__link has-base-color has-contrast-background-color has-text-color has-background wp-element-button\" href=\"#\" data-encoded=\"c6b5b3b6b6a9b4b286b5a9b5eba5a7b6b2a5aea7e8a5a9ab\" data-keep-label=1 style=\"border-radius:8px;padding-top:16px;padding-right:28px;padding-bottom:16px;padding-left:28px\">Contattate il supporto<\/a><\/div>\n\t\t\n\t<\/div>\n\t\n<\/div>\n","protected":false},"excerpt":{"rendered":"<p>Supporto Domande frequenti Tutto ci\u00f2 che dovete sapere su SlideMe Out of Spam. Generale Installazione e compatibilit\u00e0 Privacy e conformit\u00e0 Prezzi e licenze Tecnico Supporto Avete ancora domande? Contattateci e saremo felici di aiutarvi.<\/p>\n","protected":false},"author":1,"featured_media":0,"parent":0,"menu_order":0,"comment_status":"closed","ping_status":"closed","template":"","meta":{"footnotes":""},"class_list":["post-107","page","type-page","status-publish","hentry"],"yoast_head":"<!-- This site is optimized with the Yoast SEO plugin v27.3 - https:\/\/yoast.com\/product\/yoast-seo-wordpress\/ -->\n<title>FAQs - SlideMe Out of Spam - Privacy-Friendly CAPTCHA for WordPress<\/title>\n<meta name=\"robots\" content=\"index, follow, max-snippet:-1, max-image-preview:large, max-video-preview:-1\" \/>\n<link rel=\"canonical\" href=\"https:\/\/sos-captcha.com\/it\/faqs-2-6\/\" \/>\n<meta property=\"og:locale\" content=\"it_IT\" \/>\n<meta property=\"og:type\" content=\"article\" \/>\n<meta property=\"og:title\" content=\"FAQs - SlideMe Out of Spam - Privacy-Friendly CAPTCHA for WordPress\" \/>\n<meta property=\"og:description\" content=\"Supporto Domande frequenti Tutto ci\u00f2 che dovete sapere su SlideMe Out of Spam. Generale Installazione e compatibilit\u00e0 Privacy e conformit\u00e0 Prezzi e licenze Tecnico Supporto Avete ancora domande? Contattateci e saremo felici di aiutarvi.\" \/>\n<meta property=\"og:url\" content=\"https:\/\/sos-captcha.com\/it\/faqs-2-6\/\" \/>\n<meta property=\"og:site_name\" content=\"SlideMe Out of Spam - Privacy-Friendly CAPTCHA for WordPress\" \/>\n<meta property=\"article:modified_time\" content=\"2026-04-08T17:28:13+00:00\" \/>\n<meta name=\"twitter:card\" content=\"summary_large_image\" \/>\n<meta name=\"twitter:label1\" content=\"Tempo di lettura stimato\" \/>\n\t<meta name=\"twitter:data1\" content=\"4 minuti\" \/>\n<script type=\"application\/ld+json\" class=\"yoast-schema-graph\">{\"@context\":\"https:\\\/\\\/schema.org\",\"@graph\":[{\"@type\":\"WebPage\",\"@id\":\"https:\\\/\\\/sos-captcha.com\\\/it\\\/faqs-2-6\\\/\",\"url\":\"https:\\\/\\\/sos-captcha.com\\\/it\\\/faqs-2-6\\\/\",\"name\":\"FAQs - SlideMe Out of Spam - Privacy-Friendly CAPTCHA for WordPress\",\"isPartOf\":{\"@id\":\"https:\\\/\\\/sos-captcha.com\\\/it\\\/#website\"},\"datePublished\":\"2026-03-27T19:20:04+00:00\",\"dateModified\":\"2026-04-08T17:28:13+00:00\",\"breadcrumb\":{\"@id\":\"https:\\\/\\\/sos-captcha.com\\\/it\\\/faqs-2-6\\\/#breadcrumb\"},\"inLanguage\":\"it-IT\",\"potentialAction\":[{\"@type\":\"ReadAction\",\"target\":[\"https:\\\/\\\/sos-captcha.com\\\/it\\\/faqs-2-6\\\/\"]}]},{\"@type\":\"BreadcrumbList\",\"@id\":\"https:\\\/\\\/sos-captcha.com\\\/it\\\/faqs-2-6\\\/#breadcrumb\",\"itemListElement\":[{\"@type\":\"ListItem\",\"position\":1,\"name\":\"Accueil\",\"item\":\"https:\\\/\\\/sos-captcha.com\\\/it\\\/\"},{\"@type\":\"ListItem\",\"position\":2,\"name\":\"FAQs\"}]},{\"@type\":\"WebSite\",\"@id\":\"https:\\\/\\\/sos-captcha.com\\\/it\\\/#website\",\"url\":\"https:\\\/\\\/sos-captcha.com\\\/it\\\/\",\"name\":\"SlideMe Out of Spam - Privacy-Friendly CAPTCHA for WordPress\",\"description\":\"Stop bots and spam without tracking your users. No cookies. No fingerprinting. No external services\",\"potentialAction\":[{\"@type\":\"SearchAction\",\"target\":{\"@type\":\"EntryPoint\",\"urlTemplate\":\"https:\\\/\\\/sos-captcha.com\\\/it\\\/?s={search_term_string}\"},\"query-input\":{\"@type\":\"PropertyValueSpecification\",\"valueRequired\":true,\"valueName\":\"search_term_string\"}}],\"inLanguage\":\"it-IT\"}]}<\/script>\n<!-- \/ Yoast SEO plugin. -->","yoast_head_json":{"title":"FAQs - SlideMe Out of Spam - Privacy-Friendly CAPTCHA for WordPress","robots":{"index":"index","follow":"follow","max-snippet":"max-snippet:-1","max-image-preview":"max-image-preview:large","max-video-preview":"max-video-preview:-1"},"canonical":"https:\/\/sos-captcha.com\/it\/faqs-2-6\/","og_locale":"it_IT","og_type":"article","og_title":"FAQs - SlideMe Out of Spam - Privacy-Friendly CAPTCHA for WordPress","og_description":"Supporto Domande frequenti Tutto ci\u00f2 che dovete sapere su SlideMe Out of Spam. Generale Installazione e compatibilit\u00e0 Privacy e conformit\u00e0 Prezzi e licenze Tecnico Supporto Avete ancora domande? Contattateci e saremo felici di aiutarvi.","og_url":"https:\/\/sos-captcha.com\/it\/faqs-2-6\/","og_site_name":"SlideMe Out of Spam - Privacy-Friendly CAPTCHA for WordPress","article_modified_time":"2026-04-08T17:28:13+00:00","twitter_card":"summary_large_image","twitter_misc":{"Tempo di lettura stimato":"4 minuti"},"schema":{"@context":"https:\/\/schema.org","@graph":[{"@type":"WebPage","@id":"https:\/\/sos-captcha.com\/it\/faqs-2-6\/","url":"https:\/\/sos-captcha.com\/it\/faqs-2-6\/","name":"FAQs - SlideMe Out of Spam - Privacy-Friendly CAPTCHA for WordPress","isPartOf":{"@id":"https:\/\/sos-captcha.com\/it\/#website"},"datePublished":"2026-03-27T19:20:04+00:00","dateModified":"2026-04-08T17:28:13+00:00","breadcrumb":{"@id":"https:\/\/sos-captcha.com\/it\/faqs-2-6\/#breadcrumb"},"inLanguage":"it-IT","potentialAction":[{"@type":"ReadAction","target":["https:\/\/sos-captcha.com\/it\/faqs-2-6\/"]}]},{"@type":"BreadcrumbList","@id":"https:\/\/sos-captcha.com\/it\/faqs-2-6\/#breadcrumb","itemListElement":[{"@type":"ListItem","position":1,"name":"Accueil","item":"https:\/\/sos-captcha.com\/it\/"},{"@type":"ListItem","position":2,"name":"FAQs"}]},{"@type":"WebSite","@id":"https:\/\/sos-captcha.com\/it\/#website","url":"https:\/\/sos-captcha.com\/it\/","name":"SlideMe Out of Spam - Privacy-Friendly CAPTCHA for WordPress","description":"Stop bots and spam without tracking your users. No cookies. No fingerprinting. No external services","potentialAction":[{"@type":"SearchAction","target":{"@type":"EntryPoint","urlTemplate":"https:\/\/sos-captcha.com\/it\/?s={search_term_string}"},"query-input":{"@type":"PropertyValueSpecification","valueRequired":true,"valueName":"search_term_string"}}],"inLanguage":"it-IT"}]}},"_links":{"self":[{"href":"https:\/\/sos-captcha.com\/it\/wp-json\/wp\/v2\/pages\/107","targetHints":{"allow":["GET"]}}],"collection":[{"href":"https:\/\/sos-captcha.com\/it\/wp-json\/wp\/v2\/pages"}],"about":[{"href":"https:\/\/sos-captcha.com\/it\/wp-json\/wp\/v2\/types\/page"}],"author":[{"embeddable":true,"href":"https:\/\/sos-captcha.com\/it\/wp-json\/wp\/v2\/users\/1"}],"replies":[{"embeddable":true,"href":"https:\/\/sos-captcha.com\/it\/wp-json\/wp\/v2\/comments?post=107"}],"version-history":[{"count":8,"href":"https:\/\/sos-captcha.com\/it\/wp-json\/wp\/v2\/pages\/107\/revisions"}],"predecessor-version":[{"id":648,"href":"https:\/\/sos-captcha.com\/it\/wp-json\/wp\/v2\/pages\/107\/revisions\/648"}],"wp:attachment":[{"href":"https:\/\/sos-captcha.com\/it\/wp-json\/wp\/v2\/media?parent=107"}],"curies":[{"name":"wp","href":"https:\/\/api.w.org\/{rel}","templated":true}]}}