{"id":121,"date":"2026-03-27T18:29:26","date_gmt":"2026-03-27T17:29:26","guid":{"rendered":"https:\/\/sos-captcha.com\/about\/"},"modified":"2026-04-08T19:27:34","modified_gmt":"2026-04-08T17:27:34","slug":"about-2-3","status":"publish","type":"page","link":"https:\/\/sos-captcha.com\/fr\/about-2-3\/","title":{"rendered":"About"},"content":{"rendered":"\n<div class=\"wp-block-group alignfull has-global-padding is-layout-constrained wp-container-core-group-is-layout-fcda8592 wp-block-group-is-layout-constrained\" style=\"padding-top:96px;padding-right:24px;padding-bottom:60px;padding-left:24px\">\n\t\n\t<p class=\"has-small-font-size\" style=\"font-style:normal;font-weight:600;letter-spacing:1px;text-transform:uppercase\">\u00c0 propos<\/p>\n\t\n\n\t\n\t<h1 class=\"wp-block-heading\" style=\"font-size:clamp(1.743rem, 1.743rem + ((1vw - 0.2rem) * 1.972), 3rem);line-height:1.15\">La vie priv\u00e9e ne devrait pas \u00eatre optionnelle<\/h1>\n\t\n<\/div>\n\n\n\n<div class=\"wp-block-group alignfull has-global-padding is-layout-constrained wp-container-core-group-is-layout-ce60ecf1 wp-block-group-is-layout-constrained\" style=\"padding-top:0px;padding-right:24px;padding-bottom:80px;padding-left:24px\">\n\t\n\t<h2 class=\"wp-block-heading\" style=\"font-size:clamp(1.119rem, 1.119rem + ((1vw - 0.2rem) * 0.99), 1.75rem);font-weight:700\">Qui nous sommes<\/h2>\n\t\n\n\t\n\t<p style=\"font-size:clamp(0.875rem, 0.875rem + ((1vw - 0.2rem) * 0.392), 1.125rem);line-height:1.7\">SlideMe Out of Spam est con\u00e7u par Nicolas LESCURE, d\u00e9veloppeur ind\u00e9pendant et fondateur de <a href=\"https:\/\/radicalsolution.com\">RadicalSolution<\/a>. Bas\u00e9e en France, RadicalSolution cr\u00e9e des outils et des services con\u00e7us autour d&rsquo;un principe : vos donn\u00e9es vous appartiennent.<\/p>\n\t\n\n\t\n\t<h2 class=\"wp-block-heading\" style=\"font-size:clamp(1.119rem, 1.119rem + ((1vw - 0.2rem) * 0.99), 1.75rem);font-weight:700;margin-top:48px\">Pourquoi c&rsquo;est important<\/h2>\n\t\n\n\t\n\t<p style=\"font-size:clamp(0.875rem, 0.875rem + ((1vw - 0.2rem) * 0.392), 1.125rem);line-height:1.7\">Nous vivons dans un monde o\u00f9 la surveillance est devenue la norme. Elle se fait discr\u00e8tement, par le biais de r\u00e9seaux publicitaires o\u00f9 un seul site web peut partager vos donn\u00e9es avec des centaines de \u00ab\u00a0partenaires\u00a0\u00bb Elle se fait ouvertement, par le biais de programmes gouvernementaux au Royaume-Uni, aux \u00c9tats-Unis et ailleurs, qui normalisent la collecte massive de donn\u00e9es.<\/p>\n\t\n\n\t\n\t<p style=\"font-size:clamp(0.875rem, 0.875rem + ((1vw - 0.2rem) * 0.392), 1.125rem);line-height:1.7\">En tant que d\u00e9veloppeur, je me suis senti de plus en plus mal \u00e0 l&rsquo;aise \u00e0 l&rsquo;id\u00e9e de construire au-dessus de syst\u00e8mes qui consid\u00e8rent le pistage des utilisateurs comme un compromis acceptable. J&rsquo;ai donc commenc\u00e9 \u00e0 construire diff\u00e9remment &#8211; privacy by design, no tracking, no external dependencies.<\/p>\n\t\n\n\t\n\t<h2 class=\"wp-block-heading\" style=\"font-size:clamp(1.119rem, 1.119rem + ((1vw - 0.2rem) * 0.99), 1.75rem);font-weight:700;margin-top:48px\">Le probl\u00e8me des CAPTCHA<\/h2>\n\t\n\n\t\n\t<p style=\"font-size:clamp(0.875rem, 0.875rem + ((1vw - 0.2rem) * 0.392), 1.125rem);line-height:1.7\">La protection contre le spam est essentielle &#8211; quiconque a g\u00e9r\u00e9 un site WordPress conna\u00eet la douleur des soumissions de robots qui inondent les formulaires de contact et les sections de commentaires. Mais les solutions dominantes s&rsquo;accompagnent d&rsquo;un s\u00e9rieux bagage : elles envoient les donn\u00e9es des utilisateurs \u00e0 des tiers, d\u00e9posent des cookies de suivi et cr\u00e9ent des d\u00e9pendances vis-\u00e0-vis d&rsquo;entreprises dont le mod\u00e8le \u00e9conomique repose sur la surveillance.<\/p>\n\t\n\n\t\n\t<p style=\"font-size:clamp(0.875rem, 0.875rem + ((1vw - 0.2rem) * 0.392), 1.125rem);line-height:1.7\">SlideMe Out of Spam prouve qu&rsquo;il n&rsquo;est pas n\u00e9cessaire d&rsquo;en arriver l\u00e0. Il fonctionne enti\u00e8rement sur votre serveur. Il ne recueille aucune donn\u00e9e personnelle. Il ne fait aucune demande externe. Et il arr\u00eate efficacement les bots avec un d\u00e9fi simple et intuitif.<\/p>\n\t\n\n\t\n\t<h2 class=\"wp-block-heading\" style=\"font-size:clamp(1.119rem, 1.119rem + ((1vw - 0.2rem) * 0.99), 1.75rem);font-weight:700;margin-top:48px\">Notre approche<\/h2>\n\t\n\n\t\n\t<p style=\"font-size:clamp(0.875rem, 0.875rem + ((1vw - 0.2rem) * 0.392), 1.125rem);line-height:1.7\">Chaque produit de RadicalSolution suit les m\u00eames r\u00e8gles : pas de suivi des utilisateurs, pas de collecte de donn\u00e9es, pas de d\u00e9pendances tierces lorsque cela peut \u00eatre \u00e9vit\u00e9. Nous pensons que les outils doivent servir leurs utilisateurs, et non les mon\u00e9tiser.<\/p>\n\t\n\n\t\n\t<p style=\"font-size:clamp(0.875rem, 0.875rem + ((1vw - 0.2rem) * 0.392), 1.125rem);line-height:1.7\">Si vous partagez cette vision, SlideMe Out of Spam est fait pour vous.<\/p>\n\t\n<\/div>\n\n\n\n<div class=\"wp-block-group alignfull has-base-2-background-color has-background has-global-padding is-layout-constrained wp-container-core-group-is-layout-a6e002c0 wp-block-group-is-layout-constrained\" style=\"padding-top:60px;padding-right:24px;padding-bottom:80px;padding-left:24px\">\n\t\n\t<h2 class=\"wp-block-heading has-text-align-center\" style=\"font-size:clamp(1.25rem, 1.25rem + ((1vw - 0.2rem) * 1.176), 2rem);font-weight:700\">Pr\u00eat \u00e0 prot\u00e9ger vos formulaires de la bonne fa\u00e7on ?<\/h2>\n\t\n\n\t\n\t<div class=\"wp-block-buttons is-content-justification-center is-layout-flex wp-container-core-buttons-is-layout-33590bc7 wp-block-buttons-is-layout-flex\" style=\"margin-top:24px\">\n\t\t\n\t\t<div class=\"wp-block-button\"><a class=\"wp-block-button__link has-base-color has-contrast-background-color has-text-color has-background wp-element-button\" href=\"\/pricing\" style=\"border-radius:8px;padding-top:16px;padding-right:28px;padding-bottom:16px;padding-left:28px\">Voir les plans<\/a><\/div>\n\t\t\n\t<\/div>\n\t\n<\/div>\n","protected":false},"excerpt":{"rendered":"<p>\u00c0 propos La vie priv\u00e9e ne devrait pas \u00eatre optionnelle Qui nous sommes SlideMe Out of Spam est con\u00e7u par Nicolas LESCURE, d\u00e9veloppeur ind\u00e9pendant et fondateur de RadicalSolution. Bas\u00e9e en France, RadicalSolution cr\u00e9e des outils et des services con\u00e7us autour d&rsquo;un principe : vos donn\u00e9es vous appartiennent. Pourquoi c&rsquo;est important Nous vivons dans un monde [&hellip;]<\/p>\n","protected":false},"author":1,"featured_media":0,"parent":0,"menu_order":0,"comment_status":"closed","ping_status":"closed","template":"","meta":{"footnotes":""},"class_list":["post-121","page","type-page","status-publish","hentry"],"yoast_head":"<!-- This site is optimized with the Yoast SEO plugin v27.3 - https:\/\/yoast.com\/product\/yoast-seo-wordpress\/ -->\n<title>About - SlideMe Out of Spam - Privacy-Friendly CAPTCHA for WordPress<\/title>\n<meta name=\"robots\" content=\"index, follow, max-snippet:-1, max-image-preview:large, max-video-preview:-1\" \/>\n<link rel=\"canonical\" href=\"https:\/\/sos-captcha.com\/fr\/about-2-3\/\" \/>\n<meta property=\"og:locale\" content=\"fr_FR\" \/>\n<meta property=\"og:type\" content=\"article\" \/>\n<meta property=\"og:title\" content=\"About - SlideMe Out of Spam - Privacy-Friendly CAPTCHA for WordPress\" \/>\n<meta property=\"og:description\" content=\"\u00c0 propos La vie priv\u00e9e ne devrait pas \u00eatre optionnelle Qui nous sommes SlideMe Out of Spam est con\u00e7u par Nicolas LESCURE, d\u00e9veloppeur ind\u00e9pendant et fondateur de RadicalSolution. Bas\u00e9e en France, RadicalSolution cr\u00e9e des outils et des services con\u00e7us autour d&rsquo;un principe : vos donn\u00e9es vous appartiennent. Pourquoi c&rsquo;est important Nous vivons dans un monde [&hellip;]\" \/>\n<meta property=\"og:url\" content=\"https:\/\/sos-captcha.com\/fr\/about-2-3\/\" \/>\n<meta property=\"og:site_name\" content=\"SlideMe Out of Spam - Privacy-Friendly CAPTCHA for WordPress\" \/>\n<meta property=\"article:modified_time\" content=\"2026-04-08T17:27:34+00:00\" \/>\n<meta name=\"twitter:card\" content=\"summary_large_image\" \/>\n<meta name=\"twitter:label1\" content=\"Dur\u00e9e de lecture estim\u00e9e\" \/>\n\t<meta name=\"twitter:data1\" content=\"2 minutes\" \/>\n<script type=\"application\/ld+json\" class=\"yoast-schema-graph\">{\"@context\":\"https:\\\/\\\/schema.org\",\"@graph\":[{\"@type\":\"WebPage\",\"@id\":\"https:\\\/\\\/sos-captcha.com\\\/fr\\\/about-2-3\\\/\",\"url\":\"https:\\\/\\\/sos-captcha.com\\\/fr\\\/about-2-3\\\/\",\"name\":\"About - SlideMe Out of Spam - Privacy-Friendly CAPTCHA for WordPress\",\"isPartOf\":{\"@id\":\"https:\\\/\\\/sos-captcha.com\\\/fr\\\/#website\"},\"datePublished\":\"2026-03-27T17:29:26+00:00\",\"dateModified\":\"2026-04-08T17:27:34+00:00\",\"breadcrumb\":{\"@id\":\"https:\\\/\\\/sos-captcha.com\\\/fr\\\/about-2-3\\\/#breadcrumb\"},\"inLanguage\":\"fr-FR\",\"potentialAction\":[{\"@type\":\"ReadAction\",\"target\":[\"https:\\\/\\\/sos-captcha.com\\\/fr\\\/about-2-3\\\/\"]}]},{\"@type\":\"BreadcrumbList\",\"@id\":\"https:\\\/\\\/sos-captcha.com\\\/fr\\\/about-2-3\\\/#breadcrumb\",\"itemListElement\":[{\"@type\":\"ListItem\",\"position\":1,\"name\":\"Accueil\",\"item\":\"https:\\\/\\\/sos-captcha.com\\\/fr\\\/\"},{\"@type\":\"ListItem\",\"position\":2,\"name\":\"About\"}]},{\"@type\":\"WebSite\",\"@id\":\"https:\\\/\\\/sos-captcha.com\\\/fr\\\/#website\",\"url\":\"https:\\\/\\\/sos-captcha.com\\\/fr\\\/\",\"name\":\"SlideMe Out of Spam - Privacy-Friendly CAPTCHA for WordPress\",\"description\":\"Stop bots and spam without tracking your users. No cookies. No fingerprinting. No external services\",\"potentialAction\":[{\"@type\":\"SearchAction\",\"target\":{\"@type\":\"EntryPoint\",\"urlTemplate\":\"https:\\\/\\\/sos-captcha.com\\\/fr\\\/?s={search_term_string}\"},\"query-input\":{\"@type\":\"PropertyValueSpecification\",\"valueRequired\":true,\"valueName\":\"search_term_string\"}}],\"inLanguage\":\"fr-FR\"}]}<\/script>\n<!-- \/ Yoast SEO plugin. -->","yoast_head_json":{"title":"About - SlideMe Out of Spam - Privacy-Friendly CAPTCHA for WordPress","robots":{"index":"index","follow":"follow","max-snippet":"max-snippet:-1","max-image-preview":"max-image-preview:large","max-video-preview":"max-video-preview:-1"},"canonical":"https:\/\/sos-captcha.com\/fr\/about-2-3\/","og_locale":"fr_FR","og_type":"article","og_title":"About - SlideMe Out of Spam - Privacy-Friendly CAPTCHA for WordPress","og_description":"\u00c0 propos La vie priv\u00e9e ne devrait pas \u00eatre optionnelle Qui nous sommes SlideMe Out of Spam est con\u00e7u par Nicolas LESCURE, d\u00e9veloppeur ind\u00e9pendant et fondateur de RadicalSolution. Bas\u00e9e en France, RadicalSolution cr\u00e9e des outils et des services con\u00e7us autour d&rsquo;un principe : vos donn\u00e9es vous appartiennent. Pourquoi c&rsquo;est important Nous vivons dans un monde [&hellip;]","og_url":"https:\/\/sos-captcha.com\/fr\/about-2-3\/","og_site_name":"SlideMe Out of Spam - Privacy-Friendly CAPTCHA for WordPress","article_modified_time":"2026-04-08T17:27:34+00:00","twitter_card":"summary_large_image","twitter_misc":{"Dur\u00e9e de lecture estim\u00e9e":"2 minutes"},"schema":{"@context":"https:\/\/schema.org","@graph":[{"@type":"WebPage","@id":"https:\/\/sos-captcha.com\/fr\/about-2-3\/","url":"https:\/\/sos-captcha.com\/fr\/about-2-3\/","name":"About - SlideMe Out of Spam - Privacy-Friendly CAPTCHA for WordPress","isPartOf":{"@id":"https:\/\/sos-captcha.com\/fr\/#website"},"datePublished":"2026-03-27T17:29:26+00:00","dateModified":"2026-04-08T17:27:34+00:00","breadcrumb":{"@id":"https:\/\/sos-captcha.com\/fr\/about-2-3\/#breadcrumb"},"inLanguage":"fr-FR","potentialAction":[{"@type":"ReadAction","target":["https:\/\/sos-captcha.com\/fr\/about-2-3\/"]}]},{"@type":"BreadcrumbList","@id":"https:\/\/sos-captcha.com\/fr\/about-2-3\/#breadcrumb","itemListElement":[{"@type":"ListItem","position":1,"name":"Accueil","item":"https:\/\/sos-captcha.com\/fr\/"},{"@type":"ListItem","position":2,"name":"About"}]},{"@type":"WebSite","@id":"https:\/\/sos-captcha.com\/fr\/#website","url":"https:\/\/sos-captcha.com\/fr\/","name":"SlideMe Out of Spam - Privacy-Friendly CAPTCHA for WordPress","description":"Stop bots and spam without tracking your users. No cookies. No fingerprinting. No external services","potentialAction":[{"@type":"SearchAction","target":{"@type":"EntryPoint","urlTemplate":"https:\/\/sos-captcha.com\/fr\/?s={search_term_string}"},"query-input":{"@type":"PropertyValueSpecification","valueRequired":true,"valueName":"search_term_string"}}],"inLanguage":"fr-FR"}]}},"_links":{"self":[{"href":"https:\/\/sos-captcha.com\/fr\/wp-json\/wp\/v2\/pages\/121","targetHints":{"allow":["GET"]}}],"collection":[{"href":"https:\/\/sos-captcha.com\/fr\/wp-json\/wp\/v2\/pages"}],"about":[{"href":"https:\/\/sos-captcha.com\/fr\/wp-json\/wp\/v2\/types\/page"}],"author":[{"embeddable":true,"href":"https:\/\/sos-captcha.com\/fr\/wp-json\/wp\/v2\/users\/1"}],"replies":[{"embeddable":true,"href":"https:\/\/sos-captcha.com\/fr\/wp-json\/wp\/v2\/comments?post=121"}],"version-history":[{"count":8,"href":"https:\/\/sos-captcha.com\/fr\/wp-json\/wp\/v2\/pages\/121\/revisions"}],"predecessor-version":[{"id":636,"href":"https:\/\/sos-captcha.com\/fr\/wp-json\/wp\/v2\/pages\/121\/revisions\/636"}],"wp:attachment":[{"href":"https:\/\/sos-captcha.com\/fr\/wp-json\/wp\/v2\/media?parent=121"}],"curies":[{"name":"wp","href":"https:\/\/api.w.org\/{rel}","templated":true}]}}