{"id":104,"date":"2026-03-27T20:20:04","date_gmt":"2026-03-27T19:20:04","guid":{"rendered":"https:\/\/sos-captcha.com\/faqs\/"},"modified":"2026-04-08T19:28:04","modified_gmt":"2026-04-08T17:28:04","slug":"faqs-2-3","status":"publish","type":"page","link":"https:\/\/sos-captcha.com\/fr\/faqs-2-3\/","title":{"rendered":"FAQs"},"content":{"rendered":"\n<div class=\"wp-block-group alignfull has-global-padding is-layout-constrained wp-container-core-group-is-layout-1b369ffd wp-block-group-is-layout-constrained\" style=\"padding-top:96px;padding-right:24px;padding-bottom:40px;padding-left:24px\">\n\t\n\t<p class=\"has-small-font-size\" style=\"font-style:normal;font-weight:600;letter-spacing:1px;text-transform:uppercase\">Support<\/p>\n\t\n\n\t\n\t<h1 class=\"wp-block-heading\" style=\"font-size:clamp(1.743rem, 1.743rem + ((1vw - 0.2rem) * 1.972), 3rem);line-height:1.15\">Foire aux questions<\/h1>\n\t\n\n\t\n\t<p style=\"font-size:clamp(0.875rem, 0.875rem + ((1vw - 0.2rem) * 0.588), 1.25rem);line-height:1.6\">Tout ce que vous devez savoir sur SlideMe Out of Spam.<\/p>\n\t\n<\/div>\n\n\n\n<div class=\"wp-block-group alignfull has-global-padding is-layout-constrained wp-container-core-group-is-layout-cd8ddf25 wp-block-group-is-layout-constrained\" style=\"padding-top:20px;padding-right:24px;padding-bottom:60px;padding-left:24px\">\n\t\n\t<h2 class=\"wp-block-heading\" style=\"font-size:clamp(1.119rem, 1.119rem + ((1vw - 0.2rem) * 0.99), 1.75rem);font-weight:700;margin-bottom:20px\">G\u00e9n\u00e9ralit\u00e9s<\/h2>\n\t\n\n\t\n\t<details class=\"wp-block-details is-layout-flow wp-block-details-is-layout-flow\"><summary>Qu&rsquo;est-ce que SlideMe Out of Spam ?<\/summary><p>SlideMe Out of Spam (SOS) est un plugin WordPress qui prot\u00e8ge vos formulaires contre le spam et les robots \u00e0 l&rsquo;aide d&rsquo;un d\u00e9fi de curseur interactif (en fait, des d\u00e9fis cryptographiques invisibles). Contrairement aux CAPTCHAs traditionnels, il fonctionne enti\u00e8rement sur votre serveur, sans requ\u00eates externes, sans cookies et sans suivi de l&rsquo;utilisateur.<\/p><\/details>\n\t\n\n\t\n\t<details class=\"wp-block-details is-layout-flow wp-block-details-is-layout-flow\"><summary>Comment fonctionne le slider challenge ?<\/summary><p>Lorsqu&rsquo;un utilisateur soumet un formulaire, il lui est demand\u00e9 de faire glisser une poign\u00e9e le long d&rsquo;une piste. Le plugin g\u00e9n\u00e8re des points de contr\u00f4le al\u00e9atoires le long de la trajectoire du curseur, chacun avec un jeton cryptographique. L&rsquo;utilisateur doit passer par ces points de contr\u00f4le pour prouver qu&rsquo;il est humain. Les robots ne peuvent pas reproduire ce mouvement de glissement naturel.<\/p><\/details>\n\t\n\n\t\n\t<details class=\"wp-block-details is-layout-flow wp-block-details-is-layout-flow\"><summary>Quelle est la diff\u00e9rence avec reCAPTCHA ou hCaptcha ?<\/summary><p>reCAPTCHA et hCaptcha s&rsquo;appuient sur des services externes, envoient des donn\u00e9es utilisateur \u00e0 des serveurs tiers et utilisent souvent des cookies et des empreintes digitales de navigateur. SlideMe Out of Spam fonctionne \u00e0 100% sur votre propre serveur. Aucune donn\u00e9e ne quitte votre site. Aucun JavaScript externe n&rsquo;est charg\u00e9. Aucun suivi d&rsquo;aucune sorte.<\/p><\/details>\n\t\n\n\t\n\t<details class=\"wp-block-details is-layout-flow wp-block-details-is-layout-flow\"><summary>Cela arr\u00eate-t-il vraiment les robots ?<\/summary><p>Oui. Le slider g\u00e9n\u00e8re des jetons cryptographiques uniques pour chaque session avec des positions de point de contr\u00f4le al\u00e9atoires. Combin\u00e9 avec la validation du timing c\u00f4t\u00e9 serveur et la limitation du taux (plus l&rsquo;analyse du comportement et le pot de miel sur les plans premium), il fournit une forte protection contre les soumissions automatis\u00e9es.<\/p><\/details>\n\t\n<\/div>\n\n\n\n<div class=\"wp-block-group alignfull has-base-2-background-color has-background has-global-padding is-layout-constrained wp-container-core-group-is-layout-cd8ddf25 wp-block-group-is-layout-constrained\" style=\"padding-top:20px;padding-right:24px;padding-bottom:60px;padding-left:24px\">\n\t\n\t<h2 class=\"wp-block-heading\" style=\"font-size:clamp(1.119rem, 1.119rem + ((1vw - 0.2rem) * 0.99), 1.75rem);font-weight:700;margin-bottom:20px\">Installation &amp; Compatibilit\u00e9<\/h2>\n\t\n\n\t\n\t<details class=\"wp-block-details is-layout-flow wp-block-details-is-layout-flow\"><summary>Quelles sont les versions de WordPress support\u00e9es ?<\/summary><p>SlideMe Out of Spam n\u00e9cessite WordPress 5.0 ou plus r\u00e9cent et PHP 7.4 ou plus r\u00e9cent. Il a \u00e9t\u00e9 test\u00e9 jusqu&rsquo;\u00e0 PHP 8.4 et la derni\u00e8re version de WordPress.<\/p><\/details>\n\t\n\n\t\n\t<details class=\"wp-block-details is-layout-flow wp-block-details-is-layout-flow\"><summary>Quels plugins de formulaire sont pris en charge ?<\/summary><p>La version gratuite prend en charge WordPress Comments et Contact Form 7. Les versions Premium ajoutent le support de WPForms, Gravity Forms, Ninja Forms, et WooCommerce checkout and registration forms.<\/p><\/details>\n\t\n\n\t\n\t<details class=\"wp-block-details is-layout-flow wp-block-details-is-layout-flow\"><summary>Va-t-il entrer en conflit avec d&rsquo;autres plugins ?<\/summary><p>Le plugin est con\u00e7u pour \u00eatre l\u00e9ger et non-intrusif. Il ne charge ses actifs que sur les pages o\u00f9 un formulaire prot\u00e9g\u00e9 est pr\u00e9sent. Les conflits sont rares, mais si vous en rencontrez un, notre \u00e9quipe de support peut vous aider.<\/p><\/details>\n\t\n\n\t\n\t<details class=\"wp-block-details is-layout-flow wp-block-details-is-layout-flow\"><summary>Comment l&rsquo;installer ?<\/summary><p>Installez-le \u00e0 partir du r\u00e9pertoire des plugins WordPress (recherchez \u00ab\u00a0SlideMe Out of Spam\u00a0\u00bb), ou t\u00e9l\u00e9chargez le fichier ZIP du plugin via Plugins \u2192 Add New \u2192 Upload. Activez le plugin, allez dans R\u00e9glages \u2192 SOS, et activez la protection sur les formulaires que vous souhaitez s\u00e9curiser.<\/p><\/details>\n\t\n<\/div>\n\n\n\n<div class=\"wp-block-group alignfull has-global-padding is-layout-constrained wp-container-core-group-is-layout-cd8ddf25 wp-block-group-is-layout-constrained\" style=\"padding-top:20px;padding-right:24px;padding-bottom:60px;padding-left:24px\">\n\t\n\t<h2 class=\"wp-block-heading\" style=\"font-size:clamp(1.119rem, 1.119rem + ((1vw - 0.2rem) * 0.99), 1.75rem);font-weight:700;margin-bottom:20px\">Confidentialit\u00e9 et conformit\u00e9<\/h2>\n\t\n\n\t\n\t<details class=\"wp-block-details is-layout-flow wp-block-details-is-layout-flow\"><summary>Le plugin recueille-t-il des donn\u00e9es personnelles ?<\/summary><p>Non. SlideMe Out of Spam ne recueille aucune donn\u00e9e personnelle. Il n&rsquo;utilise pas de cookies, n&#8217;empreinte pas les navigateurs, ne suit pas le comportement de l&rsquo;utilisateur \u00e0 travers les pages, et n&rsquo;envoie aucune information \u00e0 des serveurs externes.<\/p><\/details>\n\t\n\n\t\n\t<details class=\"wp-block-details is-layout-flow wp-block-details-is-layout-flow\"><summary>Est-il conforme au GDPR et CCPA ?<\/summary><p>Oui. Puisque le plugin ne recueille pas de donn\u00e9es personnelles et ne fait pas de demandes externes, il est conforme au GDPR, CCPA, et d&rsquo;autres r\u00e8glements de la vie priv\u00e9e par conception. Vous n&rsquo;avez pas besoin d&rsquo;ajouter une banni\u00e8re de consentement aux cookies pour ce plugin.<\/p><\/details>\n\t\n\n\t\n\t<details class=\"wp-block-details is-layout-flow wp-block-details-is-layout-flow\"><summary>Charge-t-il des scripts externes ou fait-il des appels API ?<\/summary><p>Non. Tout fonctionne sur votre serveur. Pas de JavaScript externe, pas d&rsquo;appels API, pas de d\u00e9pendances CDN. L&#8217;empreinte totale du plugin est inf\u00e9rieure \u00e0 20 Ko.<\/p><\/details>\n\t\n<\/div>\n\n\n\n<div class=\"wp-block-group alignfull has-base-2-background-color has-background has-global-padding is-layout-constrained wp-container-core-group-is-layout-cd8ddf25 wp-block-group-is-layout-constrained\" style=\"padding-top:20px;padding-right:24px;padding-bottom:60px;padding-left:24px\">\n\t\n\t<h2 class=\"wp-block-heading\" style=\"font-size:clamp(1.119rem, 1.119rem + ((1vw - 0.2rem) * 0.99), 1.75rem);font-weight:700;margin-bottom:20px\">Prix et licences<\/h2>\n\t\n\n\t\n\t<details class=\"wp-block-details is-layout-flow wp-block-details-is-layout-flow\"><summary>Qu&rsquo;est-ce qui est inclus dans la version gratuite ?<\/summary><p>La version gratuite prot\u00e8ge WordPress Comments et Contact Form 7 sur un site web. Elle inclut le d\u00e9fi complet du slider avec la validation c\u00f4t\u00e9 serveur, la limitation du taux et les jetons cryptographiques. Aucune fonctionnalit\u00e9 n&rsquo;est artificiellement limit\u00e9e.<\/p><\/details>\n\t\n\n\t\n\t<details class=\"wp-block-details is-layout-flow wp-block-details-is-layout-flow\"><summary>Qu&rsquo;est-ce que les plans premium ajoutent ?<\/summary><p>Les plans premium d\u00e9bloquent des int\u00e9grations de formulaires suppl\u00e9mentaires (WPForms, Gravity Forms, Ninja Forms, WooCommerce), l&rsquo;analyse du comportement pour une meilleure d\u00e9tection des robots, des champs d&rsquo;espionnage, et un support prioritaire. Les plans diff\u00e8rent par le nombre de sites que vous pouvez prot\u00e9ger.<\/p><\/details>\n\t\n\n\t\n\t<details class=\"wp-block-details is-layout-flow wp-block-details-is-layout-flow\"><summary>Comment fonctionne la licence ?<\/summary><p>Apr\u00e8s avoir achet\u00e9 un plan, vous recevez une cl\u00e9 de licence. Saisissez-la dans R\u00e9glages \u2192 SOS \u2192 Licence dans votre administration WordPress. Le plugin v\u00e9rifie la licence avec notre serveur et d\u00e9bloque les fonctionnalit\u00e9s premium. Chaque licence est li\u00e9e \u00e0 un certain nombre de sites en fonction de votre plan.<\/p><\/details>\n\t\n\n\t\n\t<details class=\"wp-block-details is-layout-flow wp-block-details-is-layout-flow\"><summary>Puis-je changer de plan ou annuler ?<\/summary><p>Oui. Vous pouvez passer \u00e0 un plan sup\u00e9rieur ou inf\u00e9rieur \u00e0 tout moment. Si vous annulez, vos fonctionnalit\u00e9s premium restent actives jusqu&rsquo;\u00e0 la fin de votre p\u00e9riode de facturation actuelle. Il n&rsquo;y a pas de remboursement, conform\u00e9ment \u00e0 la r\u00e9glementation europ\u00e9enne sur les produits num\u00e9riques, sauf pendant la p\u00e9riode de r\u00e9tractation de 14 jours pour les clients de l&rsquo;UE.<\/p><\/details>\n\t\n<\/div>\n\n\n\n<div class=\"wp-block-group alignfull has-global-padding is-layout-constrained wp-container-core-group-is-layout-cd8ddf25 wp-block-group-is-layout-constrained\" style=\"padding-top:20px;padding-right:24px;padding-bottom:60px;padding-left:24px\">\n\t\n\t<h2 class=\"wp-block-heading\" style=\"font-size:clamp(1.119rem, 1.119rem + ((1vw - 0.2rem) * 0.99), 1.75rem);font-weight:700;margin-bottom:20px\">Technique<\/h2>\n\t\n\n\t\n\t<details class=\"wp-block-details is-layout-flow wp-block-details-is-layout-flow\"><summary>Le plugin affecte-t-il la vitesse de la page ?<\/summary><p>Non. Le plugin p\u00e8se moins de 20 Ko au total et ne charge des actifs que sur les pages comportant des formulaires prot\u00e9g\u00e9s. Il n&rsquo;effectue aucune requ\u00eate externe et n&rsquo;ajoute donc pratiquement aucune surcharge au temps de chargement de votre page.<\/p><\/details>\n\t\n\n\t\n\t<details class=\"wp-block-details is-layout-flow wp-block-details-is-layout-flow\"><summary>Fonctionne-t-il avec les plugins de mise en cache ?<\/summary><p>Oui. Le slider challenge utilise AJAX pour g\u00e9n\u00e9rer et valider les sessions, il fonctionne donc correctement avec tous les principaux plugins de mise en cache (WP Super Cache, W3 Total Cache, WP Rocket, etc.).<\/p><\/details>\n\t\n\n\t\n\t<details class=\"wp-block-details is-layout-flow wp-block-details-is-layout-flow\"><summary>Quels sont les navigateurs pris en charge ?<\/summary><p>Tous les navigateurs modernes sont pris en charge : Chrome, Firefox, Safari, Edge et leurs \u00e9quivalents mobiles. Le slider utilise les \u00e9v\u00e9nements standards du toucher et de la souris pour une large compatibilit\u00e9.<\/p><\/details>\n\t\n<\/div>\n\n\n\n<div class=\"wp-block-group alignfull has-base-2-background-color has-background has-global-padding is-layout-constrained wp-container-core-group-is-layout-77091f6c wp-block-group-is-layout-constrained\" style=\"padding-top:20px;padding-right:24px;padding-bottom:80px;padding-left:24px\">\n\t\n\t<h2 class=\"wp-block-heading\" style=\"font-size:clamp(1.119rem, 1.119rem + ((1vw - 0.2rem) * 0.99), 1.75rem);font-weight:700;margin-bottom:20px\">Support<\/h2>\n\t\n\n\t\n\t<details class=\"wp-block-details is-layout-flow wp-block-details-is-layout-flow\"><summary>Comment puis-je obtenir de l&rsquo;aide ?<\/summary><p>Les utilisateurs gratuits peuvent utiliser le forum de support de WordPress.org. Les utilisateurs Premium b\u00e9n\u00e9ficient d&rsquo;un support par email avec une r\u00e9ponse prioritaire. Visitez notre page de support ou <a href=\"#\" class=\"protected-email\" data-encoded=\"c6b5b3b6b6a9b4b286b5a9b5eba5a7b6b2a5aea7e8a5a9ab\" data-keep-label=1>envoyez-nous un email \u00e0<\/a><\/p><\/details>\n\t\n\n\t\n\t<details class=\"wp-block-details is-layout-flow wp-block-details-is-layout-flow\"><summary>Quel est le temps de r\u00e9ponse pour le support ?<\/summary><p>Les demandes de support Premium sont g\u00e9n\u00e9ralement trait\u00e9es dans les 24 heures les jours ouvrables. Le support communautaire sur WordPress.org d\u00e9pend de la disponibilit\u00e9 mais nous le contr\u00f4lons r\u00e9guli\u00e8rement.<\/p><\/details>\n\t\n<\/div>\n\n\n\n<div class=\"wp-block-group alignfull has-global-padding is-layout-constrained wp-container-core-group-is-layout-5d0a5237 wp-block-group-is-layout-constrained\" style=\"padding-top:60px;padding-right:24px;padding-bottom:80px;padding-left:24px\">\n\t\n\t<h2 class=\"wp-block-heading has-text-align-center\" style=\"font-size:clamp(1.25rem, 1.25rem + ((1vw - 0.2rem) * 1.176), 2rem);font-weight:700\">Vous avez encore des questions ?<\/h2>\n\t\n\n\t\n\t<p class=\"has-text-align-center\" style=\"margin-top:12px;margin-bottom:24px;font-size:clamp(0.875rem, 0.875rem + ((1vw - 0.2rem) * 0.392), 1.125rem);\">Contactez-nous et nous serons heureux de vous aider.<\/p>\n\t\n\n\t\n\t<div class=\"wp-block-buttons is-content-justification-center is-layout-flex wp-container-core-buttons-is-layout-a89b3969 wp-block-buttons-is-layout-flex\">\n\t\t\n\t\t<div class=\"wp-block-button\"><a class=\" protected-email wp-block-button__link has-base-color has-contrast-background-color has-text-color has-background wp-element-button\" href=\"#\" data-encoded=\"c6b5b3b6b6a9b4b286b5a9b5eba5a7b6b2a5aea7e8a5a9ab\" data-keep-label=1 style=\"border-radius:8px;padding-top:16px;padding-right:28px;padding-bottom:16px;padding-left:28px\">Contacter le support<\/a><\/div>\n\t\t\n\t<\/div>\n\t\n<\/div>\n","protected":false},"excerpt":{"rendered":"<p>Support Foire aux questions Tout ce que vous devez savoir sur SlideMe Out of Spam. G\u00e9n\u00e9ralit\u00e9s Installation &amp; Compatibilit\u00e9 Confidentialit\u00e9 et conformit\u00e9 Prix et licences Technique Support Vous avez encore des questions ? Contactez-nous et nous serons heureux de vous aider.<\/p>\n","protected":false},"author":1,"featured_media":0,"parent":0,"menu_order":0,"comment_status":"closed","ping_status":"closed","template":"","meta":{"footnotes":""},"class_list":["post-104","page","type-page","status-publish","hentry"],"yoast_head":"<!-- This site is optimized with the Yoast SEO plugin v27.3 - https:\/\/yoast.com\/product\/yoast-seo-wordpress\/ -->\n<title>FAQs - SlideMe Out of Spam - Privacy-Friendly CAPTCHA for WordPress<\/title>\n<meta name=\"robots\" content=\"index, follow, max-snippet:-1, max-image-preview:large, max-video-preview:-1\" \/>\n<link rel=\"canonical\" href=\"https:\/\/sos-captcha.com\/fr\/faqs-2-3\/\" \/>\n<meta property=\"og:locale\" content=\"fr_FR\" \/>\n<meta property=\"og:type\" content=\"article\" \/>\n<meta property=\"og:title\" content=\"FAQs - SlideMe Out of Spam - Privacy-Friendly CAPTCHA for WordPress\" \/>\n<meta property=\"og:description\" content=\"Support Foire aux questions Tout ce que vous devez savoir sur SlideMe Out of Spam. G\u00e9n\u00e9ralit\u00e9s Installation &amp; Compatibilit\u00e9 Confidentialit\u00e9 et conformit\u00e9 Prix et licences Technique Support Vous avez encore des questions ? Contactez-nous et nous serons heureux de vous aider.\" \/>\n<meta property=\"og:url\" content=\"https:\/\/sos-captcha.com\/fr\/faqs-2-3\/\" \/>\n<meta property=\"og:site_name\" content=\"SlideMe Out of Spam - Privacy-Friendly CAPTCHA for WordPress\" \/>\n<meta property=\"article:modified_time\" content=\"2026-04-08T17:28:04+00:00\" \/>\n<meta name=\"twitter:card\" content=\"summary_large_image\" \/>\n<meta name=\"twitter:label1\" content=\"Dur\u00e9e de lecture estim\u00e9e\" \/>\n\t<meta name=\"twitter:data1\" content=\"4 minutes\" \/>\n<script type=\"application\/ld+json\" class=\"yoast-schema-graph\">{\"@context\":\"https:\\\/\\\/schema.org\",\"@graph\":[{\"@type\":\"WebPage\",\"@id\":\"https:\\\/\\\/sos-captcha.com\\\/fr\\\/faqs-2-3\\\/\",\"url\":\"https:\\\/\\\/sos-captcha.com\\\/fr\\\/faqs-2-3\\\/\",\"name\":\"FAQs - SlideMe Out of Spam - Privacy-Friendly CAPTCHA for WordPress\",\"isPartOf\":{\"@id\":\"https:\\\/\\\/sos-captcha.com\\\/fr\\\/#website\"},\"datePublished\":\"2026-03-27T19:20:04+00:00\",\"dateModified\":\"2026-04-08T17:28:04+00:00\",\"breadcrumb\":{\"@id\":\"https:\\\/\\\/sos-captcha.com\\\/fr\\\/faqs-2-3\\\/#breadcrumb\"},\"inLanguage\":\"fr-FR\",\"potentialAction\":[{\"@type\":\"ReadAction\",\"target\":[\"https:\\\/\\\/sos-captcha.com\\\/fr\\\/faqs-2-3\\\/\"]}]},{\"@type\":\"BreadcrumbList\",\"@id\":\"https:\\\/\\\/sos-captcha.com\\\/fr\\\/faqs-2-3\\\/#breadcrumb\",\"itemListElement\":[{\"@type\":\"ListItem\",\"position\":1,\"name\":\"Accueil\",\"item\":\"https:\\\/\\\/sos-captcha.com\\\/fr\\\/\"},{\"@type\":\"ListItem\",\"position\":2,\"name\":\"FAQs\"}]},{\"@type\":\"WebSite\",\"@id\":\"https:\\\/\\\/sos-captcha.com\\\/fr\\\/#website\",\"url\":\"https:\\\/\\\/sos-captcha.com\\\/fr\\\/\",\"name\":\"SlideMe Out of Spam - Privacy-Friendly CAPTCHA for WordPress\",\"description\":\"Stop bots and spam without tracking your users. No cookies. No fingerprinting. No external services\",\"potentialAction\":[{\"@type\":\"SearchAction\",\"target\":{\"@type\":\"EntryPoint\",\"urlTemplate\":\"https:\\\/\\\/sos-captcha.com\\\/fr\\\/?s={search_term_string}\"},\"query-input\":{\"@type\":\"PropertyValueSpecification\",\"valueRequired\":true,\"valueName\":\"search_term_string\"}}],\"inLanguage\":\"fr-FR\"}]}<\/script>\n<!-- \/ Yoast SEO plugin. -->","yoast_head_json":{"title":"FAQs - SlideMe Out of Spam - Privacy-Friendly CAPTCHA for WordPress","robots":{"index":"index","follow":"follow","max-snippet":"max-snippet:-1","max-image-preview":"max-image-preview:large","max-video-preview":"max-video-preview:-1"},"canonical":"https:\/\/sos-captcha.com\/fr\/faqs-2-3\/","og_locale":"fr_FR","og_type":"article","og_title":"FAQs - SlideMe Out of Spam - Privacy-Friendly CAPTCHA for WordPress","og_description":"Support Foire aux questions Tout ce que vous devez savoir sur SlideMe Out of Spam. G\u00e9n\u00e9ralit\u00e9s Installation &amp; Compatibilit\u00e9 Confidentialit\u00e9 et conformit\u00e9 Prix et licences Technique Support Vous avez encore des questions ? Contactez-nous et nous serons heureux de vous aider.","og_url":"https:\/\/sos-captcha.com\/fr\/faqs-2-3\/","og_site_name":"SlideMe Out of Spam - Privacy-Friendly CAPTCHA for WordPress","article_modified_time":"2026-04-08T17:28:04+00:00","twitter_card":"summary_large_image","twitter_misc":{"Dur\u00e9e de lecture estim\u00e9e":"4 minutes"},"schema":{"@context":"https:\/\/schema.org","@graph":[{"@type":"WebPage","@id":"https:\/\/sos-captcha.com\/fr\/faqs-2-3\/","url":"https:\/\/sos-captcha.com\/fr\/faqs-2-3\/","name":"FAQs - SlideMe Out of Spam - Privacy-Friendly CAPTCHA for WordPress","isPartOf":{"@id":"https:\/\/sos-captcha.com\/fr\/#website"},"datePublished":"2026-03-27T19:20:04+00:00","dateModified":"2026-04-08T17:28:04+00:00","breadcrumb":{"@id":"https:\/\/sos-captcha.com\/fr\/faqs-2-3\/#breadcrumb"},"inLanguage":"fr-FR","potentialAction":[{"@type":"ReadAction","target":["https:\/\/sos-captcha.com\/fr\/faqs-2-3\/"]}]},{"@type":"BreadcrumbList","@id":"https:\/\/sos-captcha.com\/fr\/faqs-2-3\/#breadcrumb","itemListElement":[{"@type":"ListItem","position":1,"name":"Accueil","item":"https:\/\/sos-captcha.com\/fr\/"},{"@type":"ListItem","position":2,"name":"FAQs"}]},{"@type":"WebSite","@id":"https:\/\/sos-captcha.com\/fr\/#website","url":"https:\/\/sos-captcha.com\/fr\/","name":"SlideMe Out of Spam - Privacy-Friendly CAPTCHA for WordPress","description":"Stop bots and spam without tracking your users. No cookies. No fingerprinting. No external services","potentialAction":[{"@type":"SearchAction","target":{"@type":"EntryPoint","urlTemplate":"https:\/\/sos-captcha.com\/fr\/?s={search_term_string}"},"query-input":{"@type":"PropertyValueSpecification","valueRequired":true,"valueName":"search_term_string"}}],"inLanguage":"fr-FR"}]}},"_links":{"self":[{"href":"https:\/\/sos-captcha.com\/fr\/wp-json\/wp\/v2\/pages\/104","targetHints":{"allow":["GET"]}}],"collection":[{"href":"https:\/\/sos-captcha.com\/fr\/wp-json\/wp\/v2\/pages"}],"about":[{"href":"https:\/\/sos-captcha.com\/fr\/wp-json\/wp\/v2\/types\/page"}],"author":[{"embeddable":true,"href":"https:\/\/sos-captcha.com\/fr\/wp-json\/wp\/v2\/users\/1"}],"replies":[{"embeddable":true,"href":"https:\/\/sos-captcha.com\/fr\/wp-json\/wp\/v2\/comments?post=104"}],"version-history":[{"count":8,"href":"https:\/\/sos-captcha.com\/fr\/wp-json\/wp\/v2\/pages\/104\/revisions"}],"predecessor-version":[{"id":645,"href":"https:\/\/sos-captcha.com\/fr\/wp-json\/wp\/v2\/pages\/104\/revisions\/645"}],"wp:attachment":[{"href":"https:\/\/sos-captcha.com\/fr\/wp-json\/wp\/v2\/media?parent=104"}],"curies":[{"name":"wp","href":"https:\/\/api.w.org\/{rel}","templated":true}]}}