{"id":127,"date":"2026-03-27T18:29:26","date_gmt":"2026-03-27T17:29:26","guid":{"rendered":"https:\/\/sos-captcha.com\/about\/"},"modified":"2026-04-08T19:27:40","modified_gmt":"2026-04-08T17:27:40","slug":"about-2-5","status":"publish","type":"page","link":"https:\/\/sos-captcha.com\/es\/about-2-5\/","title":{"rendered":"About"},"content":{"rendered":"\n<div class=\"wp-block-group alignfull has-global-padding is-layout-constrained wp-container-core-group-is-layout-fcda8592 wp-block-group-is-layout-constrained\" style=\"padding-top:96px;padding-right:24px;padding-bottom:60px;padding-left:24px\">\n\t\n\t<p class=\"has-small-font-size\" style=\"font-style:normal;font-weight:600;letter-spacing:1px;text-transform:uppercase\">Acerca de<\/p>\n\t\n\n\t\n\t<h1 class=\"wp-block-heading\" style=\"font-size:clamp(1.743rem, 1.743rem + ((1vw - 0.2rem) * 1.972), 3rem);line-height:1.15\">La privacidad no deber\u00eda ser opcional<\/h1>\n\t\n<\/div>\n\n\n\n<div class=\"wp-block-group alignfull has-global-padding is-layout-constrained wp-container-core-group-is-layout-ce60ecf1 wp-block-group-is-layout-constrained\" style=\"padding-top:0px;padding-right:24px;padding-bottom:80px;padding-left:24px\">\n\t\n\t<h2 class=\"wp-block-heading\" style=\"font-size:clamp(1.119rem, 1.119rem + ((1vw - 0.2rem) * 0.99), 1.75rem);font-weight:700\">Qui\u00e9nes somos<\/h2>\n\t\n\n\t\n\t<p style=\"font-size:clamp(0.875rem, 0.875rem + ((1vw - 0.2rem) * 0.392), 1.125rem);line-height:1.7\">SlideMe Out of Spam ha sido creado por Nicolas LESCURE, desarrollador independiente y fundador de <a href=\"https:\/\/radicalsolution.com\">RadicalSolution<\/a>. RadicalSolution, con sede en Francia, crea herramientas y servicios dise\u00f1ados en torno a un principio: tus datos te pertenecen.<\/p>\n\t\n\n\t\n\t<h2 class=\"wp-block-heading\" style=\"font-size:clamp(1.119rem, 1.119rem + ((1vw - 0.2rem) * 0.99), 1.75rem);font-weight:700;margin-top:48px\">Por qu\u00e9 es importante<\/h2>\n\t\n\n\t\n\t<p style=\"font-size:clamp(0.875rem, 0.875rem + ((1vw - 0.2rem) * 0.392), 1.125rem);line-height:1.7\">Vivimos en un mundo en el que la vigilancia se ha convertido en la norma. Ocurre silenciosamente, a trav\u00e9s de redes publicitarias en las que un solo sitio web puede compartir tus datos con cientos de \u00absocios\u00bb Ocurre abiertamente, a trav\u00e9s de programas gubernamentales en el Reino Unido, EE.UU. y otros lugares que normalizan la recopilaci\u00f3n masiva de datos.<\/p>\n\t\n\n\t\n\t<p style=\"font-size:clamp(0.875rem, 0.875rem + ((1vw - 0.2rem) * 0.392), 1.125rem);line-height:1.7\">Como desarrollador, cada vez me sent\u00eda m\u00e1s inc\u00f3modo construyendo sobre sistemas que tratan el rastreo de usuarios como una compensaci\u00f3n aceptable. As\u00ed que empec\u00e9 a construir de forma diferente: privacidad por dise\u00f1o, sin seguimiento, sin dependencias externas.<\/p>\n\t\n\n\t\n\t<h2 class=\"wp-block-heading\" style=\"font-size:clamp(1.119rem, 1.119rem + ((1vw - 0.2rem) * 0.99), 1.75rem);font-weight:700;margin-top:48px\">El problema con CAPTCHA<\/h2>\n\t\n\n\t\n\t<p style=\"font-size:clamp(0.875rem, 0.875rem + ((1vw - 0.2rem) * 0.392), 1.125rem);line-height:1.7\">La protecci\u00f3n contra el spam es esencial: cualquiera que haya administrado un sitio de WordPress conoce el dolor de los env\u00edos de bots que inundan los formularios de contacto y las secciones de comentarios. Pero las soluciones dominantes vienen con un grave lastre: env\u00edan datos de usuario a terceros, dejan caer cookies de seguimiento y crean dependencias de empresas cuyo modelo de negocio se basa en la vigilancia.<\/p>\n\t\n\n\t\n\t<p style=\"font-size:clamp(0.875rem, 0.875rem + ((1vw - 0.2rem) * 0.392), 1.125rem);line-height:1.7\">SlideMe Out of Spam demuestra que no tiene por qu\u00e9 ser as\u00ed. Se ejecuta completamente en tu servidor. No recoge datos personales. No realiza solicitudes externas. Y detiene los bots de manera efectiva con un simple e intuitivo desaf\u00edo deslizante.<\/p>\n\t\n\n\t\n\t<h2 class=\"wp-block-heading\" style=\"font-size:clamp(1.119rem, 1.119rem + ((1vw - 0.2rem) * 0.99), 1.75rem);font-weight:700;margin-top:48px\">Nuestro enfoque<\/h2>\n\t\n\n\t\n\t<p style=\"font-size:clamp(0.875rem, 0.875rem + ((1vw - 0.2rem) * 0.392), 1.125rem);line-height:1.7\">Cada producto de RadicalSolution sigue las mismas reglas: sin seguimiento de usuarios, sin recopilaci\u00f3n de datos, sin dependencias de terceros cuando se puede evitar. Creemos que las herramientas deben servir a sus usuarios, no monetizarlos.<\/p>\n\t\n\n\t\n\t<p style=\"font-size:clamp(0.875rem, 0.875rem + ((1vw - 0.2rem) * 0.392), 1.125rem);line-height:1.7\">Si usted comparte esta visi\u00f3n, SlideMe Out of Spam est\u00e1 construido para usted.<\/p>\n\t\n<\/div>\n\n\n\n<div class=\"wp-block-group alignfull has-base-2-background-color has-background has-global-padding is-layout-constrained wp-container-core-group-is-layout-a6e002c0 wp-block-group-is-layout-constrained\" style=\"padding-top:60px;padding-right:24px;padding-bottom:80px;padding-left:24px\">\n\t\n\t<h2 class=\"wp-block-heading has-text-align-center\" style=\"font-size:clamp(1.25rem, 1.25rem + ((1vw - 0.2rem) * 1.176), 2rem);font-weight:700\">\u00bfListo para proteger sus formularios de la manera correcta?<\/h2>\n\t\n\n\t\n\t<div class=\"wp-block-buttons is-content-justification-center is-layout-flex wp-container-core-buttons-is-layout-33590bc7 wp-block-buttons-is-layout-flex\" style=\"margin-top:24px\">\n\t\t\n\t\t<div class=\"wp-block-button\"><a class=\"wp-block-button__link has-base-color has-contrast-background-color has-text-color has-background wp-element-button\" href=\"\/pricing\" style=\"border-radius:8px;padding-top:16px;padding-right:28px;padding-bottom:16px;padding-left:28px\">Ver Planes<\/a><\/div>\n\t\t\n\t<\/div>\n\t\n<\/div>\n","protected":false},"excerpt":{"rendered":"<p>Acerca de La privacidad no deber\u00eda ser opcional Qui\u00e9nes somos SlideMe Out of Spam ha sido creado por Nicolas LESCURE, desarrollador independiente y fundador de RadicalSolution. RadicalSolution, con sede en Francia, crea herramientas y servicios dise\u00f1ados en torno a un principio: tus datos te pertenecen. Por qu\u00e9 es importante Vivimos en un mundo en el [&hellip;]<\/p>\n","protected":false},"author":1,"featured_media":0,"parent":0,"menu_order":0,"comment_status":"closed","ping_status":"closed","template":"","meta":{"footnotes":""},"class_list":["post-127","page","type-page","status-publish","hentry"],"yoast_head":"<!-- This site is optimized with the Yoast SEO plugin v27.3 - https:\/\/yoast.com\/product\/yoast-seo-wordpress\/ -->\n<title>About - SlideMe Out of Spam - Privacy-Friendly CAPTCHA for WordPress<\/title>\n<meta name=\"robots\" content=\"index, follow, max-snippet:-1, max-image-preview:large, max-video-preview:-1\" \/>\n<link rel=\"canonical\" href=\"https:\/\/sos-captcha.com\/es\/about-2-5\/\" \/>\n<meta property=\"og:locale\" content=\"es_ES\" \/>\n<meta property=\"og:type\" content=\"article\" \/>\n<meta property=\"og:title\" content=\"About - SlideMe Out of Spam - Privacy-Friendly CAPTCHA for WordPress\" \/>\n<meta property=\"og:description\" content=\"Acerca de La privacidad no deber\u00eda ser opcional Qui\u00e9nes somos SlideMe Out of Spam ha sido creado por Nicolas LESCURE, desarrollador independiente y fundador de RadicalSolution. RadicalSolution, con sede en Francia, crea herramientas y servicios dise\u00f1ados en torno a un principio: tus datos te pertenecen. Por qu\u00e9 es importante Vivimos en un mundo en el [&hellip;]\" \/>\n<meta property=\"og:url\" content=\"https:\/\/sos-captcha.com\/es\/about-2-5\/\" \/>\n<meta property=\"og:site_name\" content=\"SlideMe Out of Spam - Privacy-Friendly CAPTCHA for WordPress\" \/>\n<meta property=\"article:modified_time\" content=\"2026-04-08T17:27:40+00:00\" \/>\n<meta name=\"twitter:card\" content=\"summary_large_image\" \/>\n<meta name=\"twitter:label1\" content=\"Tiempo de lectura\" \/>\n\t<meta name=\"twitter:data1\" content=\"2 minutos\" \/>\n<script type=\"application\/ld+json\" class=\"yoast-schema-graph\">{\"@context\":\"https:\\\/\\\/schema.org\",\"@graph\":[{\"@type\":\"WebPage\",\"@id\":\"https:\\\/\\\/sos-captcha.com\\\/es\\\/about-2-5\\\/\",\"url\":\"https:\\\/\\\/sos-captcha.com\\\/es\\\/about-2-5\\\/\",\"name\":\"About - SlideMe Out of Spam - Privacy-Friendly CAPTCHA for WordPress\",\"isPartOf\":{\"@id\":\"https:\\\/\\\/sos-captcha.com\\\/es\\\/#website\"},\"datePublished\":\"2026-03-27T17:29:26+00:00\",\"dateModified\":\"2026-04-08T17:27:40+00:00\",\"breadcrumb\":{\"@id\":\"https:\\\/\\\/sos-captcha.com\\\/es\\\/about-2-5\\\/#breadcrumb\"},\"inLanguage\":\"es\",\"potentialAction\":[{\"@type\":\"ReadAction\",\"target\":[\"https:\\\/\\\/sos-captcha.com\\\/es\\\/about-2-5\\\/\"]}]},{\"@type\":\"BreadcrumbList\",\"@id\":\"https:\\\/\\\/sos-captcha.com\\\/es\\\/about-2-5\\\/#breadcrumb\",\"itemListElement\":[{\"@type\":\"ListItem\",\"position\":1,\"name\":\"Accueil\",\"item\":\"https:\\\/\\\/sos-captcha.com\\\/es\\\/\"},{\"@type\":\"ListItem\",\"position\":2,\"name\":\"About\"}]},{\"@type\":\"WebSite\",\"@id\":\"https:\\\/\\\/sos-captcha.com\\\/es\\\/#website\",\"url\":\"https:\\\/\\\/sos-captcha.com\\\/es\\\/\",\"name\":\"SlideMe Out of Spam - Privacy-Friendly CAPTCHA for WordPress\",\"description\":\"Stop bots and spam without tracking your users. No cookies. No fingerprinting. No external services\",\"potentialAction\":[{\"@type\":\"SearchAction\",\"target\":{\"@type\":\"EntryPoint\",\"urlTemplate\":\"https:\\\/\\\/sos-captcha.com\\\/es\\\/?s={search_term_string}\"},\"query-input\":{\"@type\":\"PropertyValueSpecification\",\"valueRequired\":true,\"valueName\":\"search_term_string\"}}],\"inLanguage\":\"es\"}]}<\/script>\n<!-- \/ Yoast SEO plugin. -->","yoast_head_json":{"title":"About - SlideMe Out of Spam - Privacy-Friendly CAPTCHA for WordPress","robots":{"index":"index","follow":"follow","max-snippet":"max-snippet:-1","max-image-preview":"max-image-preview:large","max-video-preview":"max-video-preview:-1"},"canonical":"https:\/\/sos-captcha.com\/es\/about-2-5\/","og_locale":"es_ES","og_type":"article","og_title":"About - SlideMe Out of Spam - Privacy-Friendly CAPTCHA for WordPress","og_description":"Acerca de La privacidad no deber\u00eda ser opcional Qui\u00e9nes somos SlideMe Out of Spam ha sido creado por Nicolas LESCURE, desarrollador independiente y fundador de RadicalSolution. RadicalSolution, con sede en Francia, crea herramientas y servicios dise\u00f1ados en torno a un principio: tus datos te pertenecen. Por qu\u00e9 es importante Vivimos en un mundo en el [&hellip;]","og_url":"https:\/\/sos-captcha.com\/es\/about-2-5\/","og_site_name":"SlideMe Out of Spam - Privacy-Friendly CAPTCHA for WordPress","article_modified_time":"2026-04-08T17:27:40+00:00","twitter_card":"summary_large_image","twitter_misc":{"Tiempo de lectura":"2 minutos"},"schema":{"@context":"https:\/\/schema.org","@graph":[{"@type":"WebPage","@id":"https:\/\/sos-captcha.com\/es\/about-2-5\/","url":"https:\/\/sos-captcha.com\/es\/about-2-5\/","name":"About - SlideMe Out of Spam - Privacy-Friendly CAPTCHA for WordPress","isPartOf":{"@id":"https:\/\/sos-captcha.com\/es\/#website"},"datePublished":"2026-03-27T17:29:26+00:00","dateModified":"2026-04-08T17:27:40+00:00","breadcrumb":{"@id":"https:\/\/sos-captcha.com\/es\/about-2-5\/#breadcrumb"},"inLanguage":"es","potentialAction":[{"@type":"ReadAction","target":["https:\/\/sos-captcha.com\/es\/about-2-5\/"]}]},{"@type":"BreadcrumbList","@id":"https:\/\/sos-captcha.com\/es\/about-2-5\/#breadcrumb","itemListElement":[{"@type":"ListItem","position":1,"name":"Accueil","item":"https:\/\/sos-captcha.com\/es\/"},{"@type":"ListItem","position":2,"name":"About"}]},{"@type":"WebSite","@id":"https:\/\/sos-captcha.com\/es\/#website","url":"https:\/\/sos-captcha.com\/es\/","name":"SlideMe Out of Spam - Privacy-Friendly CAPTCHA for WordPress","description":"Stop bots and spam without tracking your users. No cookies. No fingerprinting. No external services","potentialAction":[{"@type":"SearchAction","target":{"@type":"EntryPoint","urlTemplate":"https:\/\/sos-captcha.com\/es\/?s={search_term_string}"},"query-input":{"@type":"PropertyValueSpecification","valueRequired":true,"valueName":"search_term_string"}}],"inLanguage":"es"}]}},"_links":{"self":[{"href":"https:\/\/sos-captcha.com\/es\/wp-json\/wp\/v2\/pages\/127","targetHints":{"allow":["GET"]}}],"collection":[{"href":"https:\/\/sos-captcha.com\/es\/wp-json\/wp\/v2\/pages"}],"about":[{"href":"https:\/\/sos-captcha.com\/es\/wp-json\/wp\/v2\/types\/page"}],"author":[{"embeddable":true,"href":"https:\/\/sos-captcha.com\/es\/wp-json\/wp\/v2\/users\/1"}],"replies":[{"embeddable":true,"href":"https:\/\/sos-captcha.com\/es\/wp-json\/wp\/v2\/comments?post=127"}],"version-history":[{"count":7,"href":"https:\/\/sos-captcha.com\/es\/wp-json\/wp\/v2\/pages\/127\/revisions"}],"predecessor-version":[{"id":638,"href":"https:\/\/sos-captcha.com\/es\/wp-json\/wp\/v2\/pages\/127\/revisions\/638"}],"wp:attachment":[{"href":"https:\/\/sos-captcha.com\/es\/wp-json\/wp\/v2\/media?parent=127"}],"curies":[{"name":"wp","href":"https:\/\/api.w.org\/{rel}","templated":true}]}}