{"id":110,"date":"2026-03-27T20:20:04","date_gmt":"2026-03-27T19:20:04","guid":{"rendered":"https:\/\/sos-captcha.com\/faqs\/"},"modified":"2026-04-08T19:28:10","modified_gmt":"2026-04-08T17:28:10","slug":"faqs-2-5","status":"publish","type":"page","link":"https:\/\/sos-captcha.com\/es\/faqs-2-5\/","title":{"rendered":"FAQs"},"content":{"rendered":"\n<div class=\"wp-block-group alignfull has-global-padding is-layout-constrained wp-container-core-group-is-layout-1b369ffd wp-block-group-is-layout-constrained\" style=\"padding-top:96px;padding-right:24px;padding-bottom:40px;padding-left:24px\">\n\t\n\t<p class=\"has-small-font-size\" style=\"font-style:normal;font-weight:600;letter-spacing:1px;text-transform:uppercase\">Soporte<\/p>\n\t\n\n\t\n\t<h1 class=\"wp-block-heading\" style=\"font-size:clamp(1.743rem, 1.743rem + ((1vw - 0.2rem) * 1.972), 3rem);line-height:1.15\">Preguntas Frecuentes<\/h1>\n\t\n\n\t\n\t<p style=\"font-size:clamp(0.875rem, 0.875rem + ((1vw - 0.2rem) * 0.588), 1.25rem);line-height:1.6\">Todo lo que necesita saber acerca de SlideMe Out of Spam.<\/p>\n\t\n<\/div>\n\n\n\n<div class=\"wp-block-group alignfull has-global-padding is-layout-constrained wp-container-core-group-is-layout-cd8ddf25 wp-block-group-is-layout-constrained\" style=\"padding-top:20px;padding-right:24px;padding-bottom:60px;padding-left:24px\">\n\t\n\t<h2 class=\"wp-block-heading\" style=\"font-size:clamp(1.119rem, 1.119rem + ((1vw - 0.2rem) * 0.99), 1.75rem);font-weight:700;margin-bottom:20px\">General<\/h2>\n\t\n\n\t\n\t<details class=\"wp-block-details is-layout-flow wp-block-details-is-layout-flow\"><summary>\u00bfQu\u00e9 es SlideMe Out of Spam?<\/summary><p>SlideMe Out of Spam (SOS) es un plugin para WordPress que protege sus formularios de spam y bots utilizando un desaf\u00edo interactivo deslizable (desaf\u00edos criptogr\u00e1ficos invisibles en realidad). A diferencia de los CAPTCHAs tradicionales, funciona completamente en su servidor sin peticiones externas, sin cookies y sin seguimiento del usuario.<\/p><\/details>\n\t\n\n\t\n\t<details class=\"wp-block-details is-layout-flow wp-block-details-is-layout-flow\"><summary>\u00bfC\u00f3mo funciona el desaf\u00edo deslizante?<\/summary><p>Cuando un usuario env\u00eda un formulario, se le pide que deslice una palanca a lo largo de una pista. El complemento genera puntos de control aleatorios a lo largo del recorrido del deslizador, cada uno con un token criptogr\u00e1fico. El usuario debe pasar por estos puntos de control para demostrar que es humano. Los robots no pueden replicar este movimiento natural de deslizamiento.<\/p><\/details>\n\t\n\n\t\n\t<details class=\"wp-block-details is-layout-flow wp-block-details-is-layout-flow\"><summary>\u00bfEn qu\u00e9 se diferencia de reCAPTCHA o hCaptcha?<\/summary><p>reCAPTCHA y hCaptcha dependen de servicios externos, env\u00edan datos del usuario a servidores de terceros y a menudo utilizan cookies y huellas digitales del navegador. SlideMe Out of Spam funciona 100% en su propio servidor. Ning\u00fan dato sale de su sitio. No se carga JavaScript externo. No hay rastreo de ning\u00fan tipo.<\/p><\/details>\n\t\n\n\t\n\t<details class=\"wp-block-details is-layout-flow wp-block-details-is-layout-flow\"><summary>\u00bfRealmente detiene a los bots?<\/summary><p>S\u00ed. El deslizador genera tokens criptogr\u00e1ficos \u00fanicos para cada sesi\u00f3n con posiciones de punto de control aleatorias. Combinado con la validaci\u00f3n de tiempo del lado del servidor y la limitaci\u00f3n de velocidad (adem\u00e1s de an\u00e1lisis de comportamiento y honeypot en los planes premium), proporciona una fuerte protecci\u00f3n contra los env\u00edos automatizados.<\/p><\/details>\n\t\n<\/div>\n\n\n\n<div class=\"wp-block-group alignfull has-base-2-background-color has-background has-global-padding is-layout-constrained wp-container-core-group-is-layout-cd8ddf25 wp-block-group-is-layout-constrained\" style=\"padding-top:20px;padding-right:24px;padding-bottom:60px;padding-left:24px\">\n\t\n\t<h2 class=\"wp-block-heading\" style=\"font-size:clamp(1.119rem, 1.119rem + ((1vw - 0.2rem) * 0.99), 1.75rem);font-weight:700;margin-bottom:20px\">Instalaci\u00f3n y Compatibilidad<\/h2>\n\t\n\n\t\n\t<details class=\"wp-block-details is-layout-flow wp-block-details-is-layout-flow\"><summary>\u00bfQu\u00e9 versiones de WordPress son compatibles?<\/summary><p>SlideMe Out of Spam requiere WordPress 5.0 o posterior y PHP 7.4 o posterior. Ha sido probado hasta PHP 8.4 y la \u00faltima versi\u00f3n de WordPress.<\/p><\/details>\n\t\n\n\t\n\t<details class=\"wp-block-details is-layout-flow wp-block-details-is-layout-flow\"><summary>\u00bfQu\u00e9 plugins de formularios son compatibles?<\/summary><p>La versi\u00f3n gratuita soporta WordPress Comments y Contact Form 7. Los planes Premium a\u00f1aden soporte para WPForms. Los planes Premium a\u00f1aden soporte para WPForms, Gravity Forms, Ninja Forms, y formularios de registro y pago de WooCommerce.<\/p><\/details>\n\t\n\n\t\n\t<details class=\"wp-block-details is-layout-flow wp-block-details-is-layout-flow\"><summary>\u00bfEntrar\u00e1 en conflicto con otros plugins?<\/summary><p>El plugin est\u00e1 dise\u00f1ado para ser ligero y no intrusivo. S\u00f3lo carga sus activos en las p\u00e1ginas en las que hay un formulario protegido. Los conflictos son raros, pero si encuentras alguno, nuestro equipo de soporte puede ayudarte.<\/p><\/details>\n\t\n\n\t\n\t<details class=\"wp-block-details is-layout-flow wp-block-details-is-layout-flow\"><summary>\u00bfC\u00f3mo lo instalo?<\/summary><p>Inst\u00e1lalo desde el directorio de plugins de WordPress (busca \u00abSlideMe Out of Spam\u00bb), o sube el archivo ZIP del plugin a trav\u00e9s de Plugins \u2192 A\u00f1adir nuevo \u2192 Subir. Active el plugin, vaya a Ajustes \u2192 SOS, y active la protecci\u00f3n en los formularios que desee asegurar.<\/p><\/details>\n\t\n<\/div>\n\n\n\n<div class=\"wp-block-group alignfull has-global-padding is-layout-constrained wp-container-core-group-is-layout-cd8ddf25 wp-block-group-is-layout-constrained\" style=\"padding-top:20px;padding-right:24px;padding-bottom:60px;padding-left:24px\">\n\t\n\t<h2 class=\"wp-block-heading\" style=\"font-size:clamp(1.119rem, 1.119rem + ((1vw - 0.2rem) * 0.99), 1.75rem);font-weight:700;margin-bottom:20px\">Privacidad y Cumplimiento<\/h2>\n\t\n\n\t\n\t<details class=\"wp-block-details is-layout-flow wp-block-details-is-layout-flow\"><summary>\u00bfRecoge el plugin alg\u00fan dato personal?<\/summary><p>No. SlideMe Out of Spam no recoge ning\u00fan dato personal. No utiliza cookies, no toma huellas digitales de los navegadores, no rastrea el comportamiento del usuario a trav\u00e9s de las p\u00e1ginas, y no env\u00eda ninguna informaci\u00f3n a servidores externos.<\/p><\/details>\n\t\n\n\t\n\t<details class=\"wp-block-details is-layout-flow wp-block-details-is-layout-flow\"><summary>\u00bfCumple con GDPR y CCPA?<\/summary><p>S\u00ed. Dado que el plugin no recopila datos personales y no hace solicitudes externas, cumple con GDPR, CCPA, y otras regulaciones de privacidad por dise\u00f1o. No es necesario a\u00f1adir un banner de consentimiento de cookies para este plugin.<\/p><\/details>\n\t\n\n\t\n\t<details class=\"wp-block-details is-layout-flow wp-block-details-is-layout-flow\"><summary>\u00bfCarga scripts externos o realiza llamadas a la API?<\/summary><p>No. Todo se ejecuta en su servidor. Sin JavaScript externo, sin llamadas API, sin dependencias CDN. La huella total del plugin es inferior a 20 KB.<\/p><\/details>\n\t\n<\/div>\n\n\n\n<div class=\"wp-block-group alignfull has-base-2-background-color has-background has-global-padding is-layout-constrained wp-container-core-group-is-layout-cd8ddf25 wp-block-group-is-layout-constrained\" style=\"padding-top:20px;padding-right:24px;padding-bottom:60px;padding-left:24px\">\n\t\n\t<h2 class=\"wp-block-heading\" style=\"font-size:clamp(1.119rem, 1.119rem + ((1vw - 0.2rem) * 0.99), 1.75rem);font-weight:700;margin-bottom:20px\">Precios y licencias<\/h2>\n\t\n\n\t\n\t<details class=\"wp-block-details is-layout-flow wp-block-details-is-layout-flow\"><summary>\u00bfQu\u00e9 incluye la versi\u00f3n gratuita?<\/summary><p>La versi\u00f3n gratuita protege los Comentarios de WordPress y el Formulario de Contacto 7 en un sitio web. Incluye el desaf\u00edo deslizante completo con validaci\u00f3n del lado del servidor, limitaci\u00f3n de tasa y tokens criptogr\u00e1ficos. Ninguna caracter\u00edstica est\u00e1 limitada artificialmente.<\/p><\/details>\n\t\n\n\t\n\t<details class=\"wp-block-details is-layout-flow wp-block-details-is-layout-flow\"><summary>\u00bfQu\u00e9 a\u00f1aden los planes Premium?<\/summary><p>Los planes Premium desbloquean integraciones de formularios adicionales (WPForms, Gravity Forms, Ninja Forms, WooCommerce), an\u00e1lisis de comportamiento para una detecci\u00f3n de bots m\u00e1s fuerte, campos honeypot y soporte prioritario. Los planes se diferencian por el n\u00famero de sitios que puede proteger.<\/p><\/details>\n\t\n\n\t\n\t<details class=\"wp-block-details is-layout-flow wp-block-details-is-layout-flow\"><summary>\u00bfC\u00f3mo funciona la concesi\u00f3n de licencias?<\/summary><p>Tras adquirir un plan, recibir\u00e1 una clave de licencia. Introd\u00facela en Ajustes \u2192 SOS \u2192 Licencia en el administrador de WordPress. El plugin verifica la licencia con nuestro servidor y desbloquea las funciones premium. Cada licencia est\u00e1 vinculada a un n\u00famero de sitios en funci\u00f3n de tu plan.<\/p><\/details>\n\t\n\n\t\n\t<details class=\"wp-block-details is-layout-flow wp-block-details-is-layout-flow\"><summary>\u00bfPuedo cambiar de plan o cancelarlo?<\/summary><p>S\u00ed. Puedes cambiar de plan o cancelarlo en cualquier momento. Si cancela, las funciones Premium permanecer\u00e1n activas hasta el final del periodo de facturaci\u00f3n actual. No hay reembolsos, de acuerdo con la normativa de la UE sobre productos digitales, excepto dentro del periodo de desistimiento de 14 d\u00edas para los clientes de la UE.<\/p><\/details>\n\t\n<\/div>\n\n\n\n<div class=\"wp-block-group alignfull has-global-padding is-layout-constrained wp-container-core-group-is-layout-cd8ddf25 wp-block-group-is-layout-constrained\" style=\"padding-top:20px;padding-right:24px;padding-bottom:60px;padding-left:24px\">\n\t\n\t<h2 class=\"wp-block-heading\" style=\"font-size:clamp(1.119rem, 1.119rem + ((1vw - 0.2rem) * 0.99), 1.75rem);font-weight:700;margin-bottom:20px\">T\u00e9cnico<\/h2>\n\t\n\n\t\n\t<details class=\"wp-block-details is-layout-flow wp-block-details-is-layout-flow\"><summary>\u00bfAfecta el plugin a la velocidad de la p\u00e1gina?<\/summary><p>No. El plugin ocupa menos de 20 KB en total y carga activos s\u00f3lo en p\u00e1ginas con formularios protegidos. No hace ninguna petici\u00f3n externa, por lo que no a\u00f1ade pr\u00e1cticamente ninguna sobrecarga al tiempo de carga de su p\u00e1gina.<\/p><\/details>\n\t\n\n\t\n\t<details class=\"wp-block-details is-layout-flow wp-block-details-is-layout-flow\"><summary>\u00bfFunciona con plugins de cach\u00e9?<\/summary><p>S\u00ed. El desaf\u00edo deslizante utiliza AJAX para generar y validar sesiones, por lo que funciona correctamente con los principales plugins de cach\u00e9 (WP Super Cache, W3 Total Cache, WP Rocket, etc.).<\/p><\/details>\n\t\n\n\t\n\t<details class=\"wp-block-details is-layout-flow wp-block-details-is-layout-flow\"><summary>\u00bfQu\u00e9 navegadores son compatibles?<\/summary><p>Todos los navegadores modernos son compatibles: Chrome, Firefox, Safari, Edge y sus equivalentes m\u00f3viles. El deslizador utiliza eventos t\u00e1ctiles y de rat\u00f3n est\u00e1ndar para una amplia compatibilidad.<\/p><\/details>\n\t\n<\/div>\n\n\n\n<div class=\"wp-block-group alignfull has-base-2-background-color has-background has-global-padding is-layout-constrained wp-container-core-group-is-layout-77091f6c wp-block-group-is-layout-constrained\" style=\"padding-top:20px;padding-right:24px;padding-bottom:80px;padding-left:24px\">\n\t\n\t<h2 class=\"wp-block-heading\" style=\"font-size:clamp(1.119rem, 1.119rem + ((1vw - 0.2rem) * 0.99), 1.75rem);font-weight:700;margin-bottom:20px\">Soporte<\/h2>\n\t\n\n\t\n\t<details class=\"wp-block-details is-layout-flow wp-block-details-is-layout-flow\"><summary>\u00bfC\u00f3mo puedo obtener ayuda?<\/summary><p>Los usuarios gratuitos pueden utilizar el foro de soporte de WordPress.org. Los usuarios Premium obtienen soporte por correo electr\u00f3nico con respuesta prioritaria. Visita nuestra p\u00e1gina de soporte o <a href=\"#\" class=\"protected-email\" data-encoded=\"c6b5b3b6b6a9b4b286b5a9b5eba5a7b6b2a5aea7e8a5a9ab\" data-keep-label=1>env\u00edanos un correo electr\u00f3nico<\/a> a<\/p><\/details>\n\t\n\n\t\n\t<details class=\"wp-block-details is-layout-flow wp-block-details-is-layout-flow\"><summary>\u00bfCu\u00e1l es el tiempo de respuesta del soporte?<\/summary><p>Las solicitudes de soporte Premium se responden normalmente en 24 horas en d\u00edas laborables. El soporte de la comunidad en WordPress.org depende de la disponibilidad, pero lo controlamos regularmente.<\/p><\/details>\n\t\n<\/div>\n\n\n\n<div class=\"wp-block-group alignfull has-global-padding is-layout-constrained wp-container-core-group-is-layout-5d0a5237 wp-block-group-is-layout-constrained\" style=\"padding-top:60px;padding-right:24px;padding-bottom:80px;padding-left:24px\">\n\t\n\t<h2 class=\"wp-block-heading has-text-align-center\" style=\"font-size:clamp(1.25rem, 1.25rem + ((1vw - 0.2rem) * 1.176), 2rem);font-weight:700\">\u00bfA\u00fan tienes preguntas?<\/h2>\n\t\n\n\t\n\t<p class=\"has-text-align-center\" style=\"margin-top:12px;margin-bottom:24px;font-size:clamp(0.875rem, 0.875rem + ((1vw - 0.2rem) * 0.392), 1.125rem);\">Ponte en contacto con nosotros y estaremos encantados de ayudarte.<\/p>\n\t\n\n\t\n\t<div class=\"wp-block-buttons is-content-justification-center is-layout-flex wp-container-core-buttons-is-layout-a89b3969 wp-block-buttons-is-layout-flex\">\n\t\t\n\t\t<div class=\"wp-block-button\"><a class=\" protected-email wp-block-button__link has-base-color has-contrast-background-color has-text-color has-background wp-element-button\" href=\"#\" data-encoded=\"c6b5b3b6b6a9b4b286b5a9b5eba5a7b6b2a5aea7e8a5a9ab\" data-keep-label=1 style=\"border-radius:8px;padding-top:16px;padding-right:28px;padding-bottom:16px;padding-left:28px\">Contactar con Soporte<\/a><\/div>\n\t\t\n\t<\/div>\n\t\n<\/div>\n","protected":false},"excerpt":{"rendered":"<p>Soporte Preguntas Frecuentes Todo lo que necesita saber acerca de SlideMe Out of Spam. General Instalaci\u00f3n y Compatibilidad Privacidad y Cumplimiento Precios y licencias T\u00e9cnico Soporte \u00bfA\u00fan tienes preguntas? Ponte en contacto con nosotros y estaremos encantados de ayudarte.<\/p>\n","protected":false},"author":1,"featured_media":0,"parent":0,"menu_order":0,"comment_status":"closed","ping_status":"closed","template":"","meta":{"footnotes":""},"class_list":["post-110","page","type-page","status-publish","hentry"],"yoast_head":"<!-- This site is optimized with the Yoast SEO plugin v27.3 - https:\/\/yoast.com\/product\/yoast-seo-wordpress\/ -->\n<title>FAQs - SlideMe Out of Spam - Privacy-Friendly CAPTCHA for WordPress<\/title>\n<meta name=\"robots\" content=\"index, follow, max-snippet:-1, max-image-preview:large, max-video-preview:-1\" \/>\n<link rel=\"canonical\" href=\"https:\/\/sos-captcha.com\/es\/faqs-2-5\/\" \/>\n<meta property=\"og:locale\" content=\"es_ES\" \/>\n<meta property=\"og:type\" content=\"article\" \/>\n<meta property=\"og:title\" content=\"FAQs - SlideMe Out of Spam - Privacy-Friendly CAPTCHA for WordPress\" \/>\n<meta property=\"og:description\" content=\"Soporte Preguntas Frecuentes Todo lo que necesita saber acerca de SlideMe Out of Spam. General Instalaci\u00f3n y Compatibilidad Privacidad y Cumplimiento Precios y licencias T\u00e9cnico Soporte \u00bfA\u00fan tienes preguntas? Ponte en contacto con nosotros y estaremos encantados de ayudarte.\" \/>\n<meta property=\"og:url\" content=\"https:\/\/sos-captcha.com\/es\/faqs-2-5\/\" \/>\n<meta property=\"og:site_name\" content=\"SlideMe Out of Spam - Privacy-Friendly CAPTCHA for WordPress\" \/>\n<meta property=\"article:modified_time\" content=\"2026-04-08T17:28:10+00:00\" \/>\n<meta name=\"twitter:card\" content=\"summary_large_image\" \/>\n<meta name=\"twitter:label1\" content=\"Tiempo de lectura\" \/>\n\t<meta name=\"twitter:data1\" content=\"4 minutos\" \/>\n<script type=\"application\/ld+json\" class=\"yoast-schema-graph\">{\"@context\":\"https:\\\/\\\/schema.org\",\"@graph\":[{\"@type\":\"WebPage\",\"@id\":\"https:\\\/\\\/sos-captcha.com\\\/es\\\/faqs-2-5\\\/\",\"url\":\"https:\\\/\\\/sos-captcha.com\\\/es\\\/faqs-2-5\\\/\",\"name\":\"FAQs - SlideMe Out of Spam - Privacy-Friendly CAPTCHA for WordPress\",\"isPartOf\":{\"@id\":\"https:\\\/\\\/sos-captcha.com\\\/es\\\/#website\"},\"datePublished\":\"2026-03-27T19:20:04+00:00\",\"dateModified\":\"2026-04-08T17:28:10+00:00\",\"breadcrumb\":{\"@id\":\"https:\\\/\\\/sos-captcha.com\\\/es\\\/faqs-2-5\\\/#breadcrumb\"},\"inLanguage\":\"es\",\"potentialAction\":[{\"@type\":\"ReadAction\",\"target\":[\"https:\\\/\\\/sos-captcha.com\\\/es\\\/faqs-2-5\\\/\"]}]},{\"@type\":\"BreadcrumbList\",\"@id\":\"https:\\\/\\\/sos-captcha.com\\\/es\\\/faqs-2-5\\\/#breadcrumb\",\"itemListElement\":[{\"@type\":\"ListItem\",\"position\":1,\"name\":\"Accueil\",\"item\":\"https:\\\/\\\/sos-captcha.com\\\/es\\\/\"},{\"@type\":\"ListItem\",\"position\":2,\"name\":\"FAQs\"}]},{\"@type\":\"WebSite\",\"@id\":\"https:\\\/\\\/sos-captcha.com\\\/es\\\/#website\",\"url\":\"https:\\\/\\\/sos-captcha.com\\\/es\\\/\",\"name\":\"SlideMe Out of Spam - Privacy-Friendly CAPTCHA for WordPress\",\"description\":\"Stop bots and spam without tracking your users. No cookies. No fingerprinting. No external services\",\"potentialAction\":[{\"@type\":\"SearchAction\",\"target\":{\"@type\":\"EntryPoint\",\"urlTemplate\":\"https:\\\/\\\/sos-captcha.com\\\/es\\\/?s={search_term_string}\"},\"query-input\":{\"@type\":\"PropertyValueSpecification\",\"valueRequired\":true,\"valueName\":\"search_term_string\"}}],\"inLanguage\":\"es\"}]}<\/script>\n<!-- \/ Yoast SEO plugin. -->","yoast_head_json":{"title":"FAQs - SlideMe Out of Spam - Privacy-Friendly CAPTCHA for WordPress","robots":{"index":"index","follow":"follow","max-snippet":"max-snippet:-1","max-image-preview":"max-image-preview:large","max-video-preview":"max-video-preview:-1"},"canonical":"https:\/\/sos-captcha.com\/es\/faqs-2-5\/","og_locale":"es_ES","og_type":"article","og_title":"FAQs - SlideMe Out of Spam - Privacy-Friendly CAPTCHA for WordPress","og_description":"Soporte Preguntas Frecuentes Todo lo que necesita saber acerca de SlideMe Out of Spam. General Instalaci\u00f3n y Compatibilidad Privacidad y Cumplimiento Precios y licencias T\u00e9cnico Soporte \u00bfA\u00fan tienes preguntas? Ponte en contacto con nosotros y estaremos encantados de ayudarte.","og_url":"https:\/\/sos-captcha.com\/es\/faqs-2-5\/","og_site_name":"SlideMe Out of Spam - Privacy-Friendly CAPTCHA for WordPress","article_modified_time":"2026-04-08T17:28:10+00:00","twitter_card":"summary_large_image","twitter_misc":{"Tiempo de lectura":"4 minutos"},"schema":{"@context":"https:\/\/schema.org","@graph":[{"@type":"WebPage","@id":"https:\/\/sos-captcha.com\/es\/faqs-2-5\/","url":"https:\/\/sos-captcha.com\/es\/faqs-2-5\/","name":"FAQs - SlideMe Out of Spam - Privacy-Friendly CAPTCHA for WordPress","isPartOf":{"@id":"https:\/\/sos-captcha.com\/es\/#website"},"datePublished":"2026-03-27T19:20:04+00:00","dateModified":"2026-04-08T17:28:10+00:00","breadcrumb":{"@id":"https:\/\/sos-captcha.com\/es\/faqs-2-5\/#breadcrumb"},"inLanguage":"es","potentialAction":[{"@type":"ReadAction","target":["https:\/\/sos-captcha.com\/es\/faqs-2-5\/"]}]},{"@type":"BreadcrumbList","@id":"https:\/\/sos-captcha.com\/es\/faqs-2-5\/#breadcrumb","itemListElement":[{"@type":"ListItem","position":1,"name":"Accueil","item":"https:\/\/sos-captcha.com\/es\/"},{"@type":"ListItem","position":2,"name":"FAQs"}]},{"@type":"WebSite","@id":"https:\/\/sos-captcha.com\/es\/#website","url":"https:\/\/sos-captcha.com\/es\/","name":"SlideMe Out of Spam - Privacy-Friendly CAPTCHA for WordPress","description":"Stop bots and spam without tracking your users. No cookies. No fingerprinting. No external services","potentialAction":[{"@type":"SearchAction","target":{"@type":"EntryPoint","urlTemplate":"https:\/\/sos-captcha.com\/es\/?s={search_term_string}"},"query-input":{"@type":"PropertyValueSpecification","valueRequired":true,"valueName":"search_term_string"}}],"inLanguage":"es"}]}},"_links":{"self":[{"href":"https:\/\/sos-captcha.com\/es\/wp-json\/wp\/v2\/pages\/110","targetHints":{"allow":["GET"]}}],"collection":[{"href":"https:\/\/sos-captcha.com\/es\/wp-json\/wp\/v2\/pages"}],"about":[{"href":"https:\/\/sos-captcha.com\/es\/wp-json\/wp\/v2\/types\/page"}],"author":[{"embeddable":true,"href":"https:\/\/sos-captcha.com\/es\/wp-json\/wp\/v2\/users\/1"}],"replies":[{"embeddable":true,"href":"https:\/\/sos-captcha.com\/es\/wp-json\/wp\/v2\/comments?post=110"}],"version-history":[{"count":8,"href":"https:\/\/sos-captcha.com\/es\/wp-json\/wp\/v2\/pages\/110\/revisions"}],"predecessor-version":[{"id":647,"href":"https:\/\/sos-captcha.com\/es\/wp-json\/wp\/v2\/pages\/110\/revisions\/647"}],"wp:attachment":[{"href":"https:\/\/sos-captcha.com\/es\/wp-json\/wp\/v2\/media?parent=110"}],"curies":[{"name":"wp","href":"https:\/\/api.w.org\/{rel}","templated":true}]}}