{"id":105,"date":"2026-03-27T20:20:04","date_gmt":"2026-03-27T19:20:04","guid":{"rendered":"https:\/\/sos-captcha.com\/faqs\/"},"modified":"2026-04-08T19:28:07","modified_gmt":"2026-04-08T17:28:07","slug":"faqs-2-4","status":"publish","type":"page","link":"https:\/\/sos-captcha.com\/de\/faqs-2-4\/","title":{"rendered":"FAQs"},"content":{"rendered":"\n<div class=\"wp-block-group alignfull has-global-padding is-layout-constrained wp-container-core-group-is-layout-1b369ffd wp-block-group-is-layout-constrained\" style=\"padding-top:96px;padding-right:24px;padding-bottom:40px;padding-left:24px\">\n\t\n\t<p class=\"has-small-font-size\" style=\"font-style:normal;font-weight:600;letter-spacing:1px;text-transform:uppercase\">Support<\/p>\n\t\n\n\t\n\t<h1 class=\"wp-block-heading\" style=\"font-size:clamp(1.743rem, 1.743rem + ((1vw - 0.2rem) * 1.972), 3rem);line-height:1.15\">Frequently Asked Questions<\/h1>\n\t\n\n\t\n\t<p style=\"font-size:clamp(0.875rem, 0.875rem + ((1vw - 0.2rem) * 0.588), 1.25rem);line-height:1.6\">Alles, was Sie \u00fcber SlideMe Out of Spam wissen m\u00fcssen.<\/p>\n\t\n<\/div>\n\n\n\n<div class=\"wp-block-group alignfull has-global-padding is-layout-constrained wp-container-core-group-is-layout-cd8ddf25 wp-block-group-is-layout-constrained\" style=\"padding-top:20px;padding-right:24px;padding-bottom:60px;padding-left:24px\">\n\t\n\t<h2 class=\"wp-block-heading\" style=\"font-size:clamp(1.119rem, 1.119rem + ((1vw - 0.2rem) * 0.99), 1.75rem);font-weight:700;margin-bottom:20px\">Allgemein<\/h2>\n\t\n\n\t\n\t<details class=\"wp-block-details is-layout-flow wp-block-details-is-layout-flow\"><summary>Was ist SlideMe Out of Spam?<\/summary><p>SlideMe Out of Spam (SOS) ist ein WordPress-Plugin, das Ihre Formulare mit einer interaktiven Slider-Herausforderung (eigentlich unsichtbare kryptografische Herausforderungen) vor Spam und Bots sch\u00fctzt. Im Gegensatz zu herk\u00f6mmlichen CAPTCHAs arbeitet es vollst\u00e4ndig auf Ihrem Server, ohne externe Anfragen, ohne Cookies und ohne Benutzer-Tracking.<\/p><\/details>\n\t\n\n\t\n\t<details class=\"wp-block-details is-layout-flow wp-block-details-is-layout-flow\"><summary>Wie funktioniert die Slider-Herausforderung?<\/summary><p>Wenn ein Benutzer ein Formular absendet, wird er aufgefordert, einen Griff entlang einer Schiene zu schieben. Das Plugin generiert zuf\u00e4llige Kontrollpunkte entlang des Schiebereglerpfads, die jeweils mit einem kryptografischen Token versehen sind. Der Benutzer muss diese Kontrollpunkte passieren, um zu beweisen, dass er ein Mensch ist. Bots k\u00f6nnen diese nat\u00fcrliche Gleitbewegung nicht nachahmen.<\/p><\/details>\n\t\n\n\t\n\t<details class=\"wp-block-details is-layout-flow wp-block-details-is-layout-flow\"><summary>Was ist der Unterschied zu reCAPTCHA oder hCaptcha?<\/summary><p>reCAPTCHA und hCaptcha sind auf externe Dienste angewiesen, senden Benutzerdaten an Server von Drittanbietern und verwenden oft Cookies und Browser-Fingerprinting. SlideMe Out of Spam l\u00e4uft zu 100% auf Ihrem eigenen Server. Keine Daten verlassen Ihre Website. Es wird kein externes JavaScript geladen. Kein Tracking jeglicher Art.<\/p><\/details>\n\t\n\n\t\n\t<details class=\"wp-block-details is-layout-flow wp-block-details-is-layout-flow\"><summary>H\u00e4lt es Bots wirklich auf?<\/summary><p>Ja. Der Slider generiert einzigartige kryptographische Token f\u00fcr jede Sitzung mit zuf\u00e4lligen Checkpoint-Positionen. In Kombination mit serverseitiger Zeitvalidierung und Ratenbegrenzung (plus Verhaltensanalyse und Honeypot bei Premium-Pl\u00e4nen) bietet er einen starken Schutz gegen automatisierte Anmeldungen.<\/p><\/details>\n\t\n<\/div>\n\n\n\n<div class=\"wp-block-group alignfull has-base-2-background-color has-background has-global-padding is-layout-constrained wp-container-core-group-is-layout-cd8ddf25 wp-block-group-is-layout-constrained\" style=\"padding-top:20px;padding-right:24px;padding-bottom:60px;padding-left:24px\">\n\t\n\t<h2 class=\"wp-block-heading\" style=\"font-size:clamp(1.119rem, 1.119rem + ((1vw - 0.2rem) * 0.99), 1.75rem);font-weight:700;margin-bottom:20px\">Installation &amp; Kompatibilit\u00e4t<\/h2>\n\t\n\n\t\n\t<details class=\"wp-block-details is-layout-flow wp-block-details-is-layout-flow\"><summary>Welche WordPress-Versionen werden unterst\u00fctzt?<\/summary><p>SlideMe Out of Spam erfordert WordPress 5.0 oder h\u00f6her und PHP 7.4 oder h\u00f6her. Es wurde bis zu PHP 8.4 und der neuesten WordPress-Version getestet.<\/p><\/details>\n\t\n\n\t\n\t<details class=\"wp-block-details is-layout-flow wp-block-details-is-layout-flow\"><summary>Welche Formular-Plugins werden unterst\u00fctzt?<\/summary><p>Die kostenlose Version unterst\u00fctzt WordPress Comments und Contact Form 7. Premium-Pl\u00e4ne bieten Unterst\u00fctzung f\u00fcr WPForms, Gravity Forms, Ninja Forms und WooCommerce-Kassen- und Registrierungsformulare.<\/p><\/details>\n\t\n\n\t\n\t<details class=\"wp-block-details is-layout-flow wp-block-details-is-layout-flow\"><summary>Gibt es Konflikte mit anderen Plugins?<\/summary><p>Das Plugin ist so konzipiert, dass es leicht und nicht aufdringlich ist. Es l\u00e4dt seine Assets nur auf Seiten, auf denen ein gesch\u00fctztes Formular vorhanden ist. Konflikte sind selten, aber wenn Sie auf einen Konflikt sto\u00dfen, kann unser Support-Team helfen.<\/p><\/details>\n\t\n\n\t\n\t<details class=\"wp-block-details is-layout-flow wp-block-details-is-layout-flow\"><summary>Wie installiere ich es?<\/summary><p>Installieren Sie es aus dem WordPress-Plugin-Verzeichnis (suchen Sie nach &#8222;SlideMe Out of Spam&#8220;), oder laden Sie die ZIP-Datei des Plugins \u00fcber Plugins \u2192 Neu hinzuf\u00fcgen \u2192 Hochladen hoch. Aktivieren Sie das Plugin, gehen Sie zu Einstellungen \u2192 SOS und aktivieren Sie den Schutz f\u00fcr die Formulare, die Sie sch\u00fctzen m\u00f6chten.<\/p><\/details>\n\t\n<\/div>\n\n\n\n<div class=\"wp-block-group alignfull has-global-padding is-layout-constrained wp-container-core-group-is-layout-cd8ddf25 wp-block-group-is-layout-constrained\" style=\"padding-top:20px;padding-right:24px;padding-bottom:60px;padding-left:24px\">\n\t\n\t<h2 class=\"wp-block-heading\" style=\"font-size:clamp(1.119rem, 1.119rem + ((1vw - 0.2rem) * 0.99), 1.75rem);font-weight:700;margin-bottom:20px\">Datenschutz &amp; Compliance<\/h2>\n\t\n\n\t\n\t<details class=\"wp-block-details is-layout-flow wp-block-details-is-layout-flow\"><summary>Sammelt das Plugin irgendwelche pers\u00f6nlichen Daten?<\/summary><p>Nein. SlideMe Out of Spam sammelt keinerlei pers\u00f6nliche Daten. Es verwendet keine Cookies, erstellt keine Fingerabdr\u00fccke von Browsern, verfolgt das Nutzerverhalten nicht seiten\u00fcbergreifend und sendet keine Informationen an externe Server.<\/p><\/details>\n\t\n\n\t\n\t<details class=\"wp-block-details is-layout-flow wp-block-details-is-layout-flow\"><summary>Ist es GDPR- und CCPA-konform?<\/summary><p>Ja. Da das Plugin keine pers\u00f6nlichen Daten sammelt und keine externen Anfragen stellt, ist es von vornherein konform mit GDPR, CCPA und anderen Datenschutzbestimmungen. Sie m\u00fcssen f\u00fcr dieses Plugin kein Cookie-Einwilligungsbanner hinzuf\u00fcgen.<\/p><\/details>\n\t\n\n\t\n\t<details class=\"wp-block-details is-layout-flow wp-block-details-is-layout-flow\"><summary>L\u00e4dt es externe Skripte oder macht es API-Aufrufe?<\/summary><p>Nein. Alles l\u00e4uft auf Ihrem Server. Kein externes JavaScript, keine API-Aufrufe, keine CDN-Abh\u00e4ngigkeiten. Der gesamte Plugin-Footprint liegt unter 20KB.<\/p><\/details>\n\t\n<\/div>\n\n\n\n<div class=\"wp-block-group alignfull has-base-2-background-color has-background has-global-padding is-layout-constrained wp-container-core-group-is-layout-cd8ddf25 wp-block-group-is-layout-constrained\" style=\"padding-top:20px;padding-right:24px;padding-bottom:60px;padding-left:24px\">\n\t\n\t<h2 class=\"wp-block-heading\" style=\"font-size:clamp(1.119rem, 1.119rem + ((1vw - 0.2rem) * 0.99), 1.75rem);font-weight:700;margin-bottom:20px\">Preise &amp; Lizenzierung<\/h2>\n\t\n\n\t\n\t<details class=\"wp-block-details is-layout-flow wp-block-details-is-layout-flow\"><summary>Was ist in der kostenlosen Version enthalten?<\/summary><p>Die kostenlose Version sch\u00fctzt WordPress-Kommentare und Contact Form 7 auf einer Website. Sie enth\u00e4lt die vollst\u00e4ndige Slider-Herausforderung mit serverseitiger Validierung, Ratenbegrenzung und kryptografischen Token. Keine Funktionen werden k\u00fcnstlich eingeschr\u00e4nkt.<\/p><\/details>\n\t\n\n\t\n\t<details class=\"wp-block-details is-layout-flow wp-block-details-is-layout-flow\"><summary>Was bieten Premium-Pl\u00e4ne?<\/summary><p>Premium-Pl\u00e4ne schalten zus\u00e4tzliche Formularintegrationen (WPForms, Gravity Forms, Ninja Forms, WooCommerce), Verhaltensanalysen f\u00fcr eine bessere Bot-Erkennung, Honeypot-Felder und vorrangigen Support frei. Die Pl\u00e4ne unterscheiden sich nach der Anzahl der Websites, die Sie sch\u00fctzen k\u00f6nnen.<\/p><\/details>\n\t\n\n\t\n\t<details class=\"wp-block-details is-layout-flow wp-block-details-is-layout-flow\"><summary>Wie funktioniert die Lizenzierung?<\/summary><p>Nach dem Kauf eines Plans erhalten Sie einen Lizenzschl\u00fcssel. Geben Sie diesen unter Einstellungen \u2192 SOS \u2192 Lizenz in Ihrem WordPress-Admin ein. Das Plugin verifiziert die Lizenz mit unserem Server und schaltet die Premium-Funktionen frei. Jede Lizenz ist je nach Tarif an eine bestimmte Anzahl von Websites gebunden.<\/p><\/details>\n\t\n\n\t\n\t<details class=\"wp-block-details is-layout-flow wp-block-details-is-layout-flow\"><summary>Kann ich den Tarif wechseln oder k\u00fcndigen?<\/summary><p>Ja. Sie k\u00f6nnen jederzeit ein Upgrade oder Downgrade durchf\u00fchren. Wenn Sie k\u00fcndigen, bleiben Ihre Premium-Funktionen bis zum Ende des aktuellen Abrechnungszeitraums aktiv. In \u00dcbereinstimmung mit den EU-Vorschriften f\u00fcr digitale Waren gibt es keine R\u00fcckerstattungen, au\u00dfer innerhalb der 14-t\u00e4gigen Widerrufsfrist f\u00fcr EU-Kunden.<\/p><\/details>\n\t\n<\/div>\n\n\n\n<div class=\"wp-block-group alignfull has-global-padding is-layout-constrained wp-container-core-group-is-layout-cd8ddf25 wp-block-group-is-layout-constrained\" style=\"padding-top:20px;padding-right:24px;padding-bottom:60px;padding-left:24px\">\n\t\n\t<h2 class=\"wp-block-heading\" style=\"font-size:clamp(1.119rem, 1.119rem + ((1vw - 0.2rem) * 0.99), 1.75rem);font-weight:700;margin-bottom:20px\">Technisch<\/h2>\n\t\n\n\t\n\t<details class=\"wp-block-details is-layout-flow wp-block-details-is-layout-flow\"><summary>Beeintr\u00e4chtigt das Plugin die Seitengeschwindigkeit?<\/summary><p>Nein. Das Plugin ist insgesamt weniger als 20 KB gro\u00df und l\u00e4dt Assets nur auf Seiten mit gesch\u00fctzten Formularen. Es stellt keine externen Anfragen, so dass es praktisch keinen Overhead zu Ihrer Seitenladezeit hinzuf\u00fcgt.<\/p><\/details>\n\t\n\n\t\n\t<details class=\"wp-block-details is-layout-flow wp-block-details-is-layout-flow\"><summary>Funktioniert es mit Caching-Plugins?<\/summary><p>Ja. Die Slider-Challenge verwendet AJAX, um Sitzungen zu generieren und zu validieren, so dass sie mit allen wichtigen Caching-Plugins (WP Super Cache, W3 Total Cache, WP Rocket usw.) korrekt funktioniert.<\/p><\/details>\n\t\n\n\t\n\t<details class=\"wp-block-details is-layout-flow wp-block-details-is-layout-flow\"><summary>Welche Browser werden unterst\u00fctzt?<\/summary><p>Alle modernen Browser werden unterst\u00fctzt: Chrome, Firefox, Safari, Edge und ihre mobilen Pendants. Der Slider verwendet Standard-Touch- und Mausereignisse f\u00fcr eine breite Kompatibilit\u00e4t.<\/p><\/details>\n\t\n<\/div>\n\n\n\n<div class=\"wp-block-group alignfull has-base-2-background-color has-background has-global-padding is-layout-constrained wp-container-core-group-is-layout-77091f6c wp-block-group-is-layout-constrained\" style=\"padding-top:20px;padding-right:24px;padding-bottom:80px;padding-left:24px\">\n\t\n\t<h2 class=\"wp-block-heading\" style=\"font-size:clamp(1.119rem, 1.119rem + ((1vw - 0.2rem) * 0.99), 1.75rem);font-weight:700;margin-bottom:20px\">Support<\/h2>\n\t\n\n\t\n\t<details class=\"wp-block-details is-layout-flow wp-block-details-is-layout-flow\"><summary>Wie bekomme ich Hilfe?<\/summary><p>Kostenlose Benutzer k\u00f6nnen das WordPress.org-Supportforum nutzen. Premium-Benutzer erhalten E-Mail-Support mit vorrangiger Antwort. Besuchen Sie unsere Support-Seite oder <a href=\"#\" class=\"protected-email\" data-encoded=\"c6b5b3b6b6a9b4b286b5a9b5eba5a7b6b2a5aea7e8a5a9ab\" data-keep-label=1>schreiben Sie uns eine E-Mail<\/a><\/p><\/details>\n\t\n\n\t\n\t<details class=\"wp-block-details is-layout-flow wp-block-details-is-layout-flow\"><summary>Wie lange dauert es, bis der Support antwortet?<\/summary><p>Premium-Support-Anfragen werden an Werktagen in der Regel innerhalb von 24 Stunden beantwortet. Der Community-Support auf WordPress.org h\u00e4ngt von der Verf\u00fcgbarkeit ab, wird aber regelm\u00e4\u00dfig \u00fcberwacht.<\/p><\/details>\n\t\n<\/div>\n\n\n\n<div class=\"wp-block-group alignfull has-global-padding is-layout-constrained wp-container-core-group-is-layout-5d0a5237 wp-block-group-is-layout-constrained\" style=\"padding-top:60px;padding-right:24px;padding-bottom:80px;padding-left:24px\">\n\t\n\t<h2 class=\"wp-block-heading has-text-align-center\" style=\"font-size:clamp(1.25rem, 1.25rem + ((1vw - 0.2rem) * 1.176), 2rem);font-weight:700\">Haben Sie noch Fragen?<\/h2>\n\t\n\n\t\n\t<p class=\"has-text-align-center\" style=\"margin-top:12px;margin-bottom:24px;font-size:clamp(0.875rem, 0.875rem + ((1vw - 0.2rem) * 0.392), 1.125rem);\">Kontaktieren Sie uns und wir helfen Ihnen gerne weiter.<\/p>\n\t\n\n\t\n\t<div class=\"wp-block-buttons is-content-justification-center is-layout-flex wp-container-core-buttons-is-layout-a89b3969 wp-block-buttons-is-layout-flex\">\n\t\t\n\t\t<div class=\"wp-block-button\"><a class=\" protected-email wp-block-button__link has-base-color has-contrast-background-color has-text-color has-background wp-element-button\" href=\"#\" data-encoded=\"c6b5b3b6b6a9b4b286b5a9b5eba5a7b6b2a5aea7e8a5a9ab\" data-keep-label=1 style=\"border-radius:8px;padding-top:16px;padding-right:28px;padding-bottom:16px;padding-left:28px\">Kontakt zum Support<\/a><\/div>\n\t\t\n\t<\/div>\n\t\n<\/div>\n","protected":false},"excerpt":{"rendered":"<p>Support Frequently Asked Questions Alles, was Sie \u00fcber SlideMe Out of Spam wissen m\u00fcssen. Allgemein Installation &amp; Kompatibilit\u00e4t Datenschutz &amp; Compliance Preise &amp; Lizenzierung Technisch Support Haben Sie noch Fragen? Kontaktieren Sie uns und wir helfen Ihnen gerne weiter.<\/p>\n","protected":false},"author":1,"featured_media":0,"parent":0,"menu_order":0,"comment_status":"closed","ping_status":"closed","template":"","meta":{"footnotes":""},"class_list":["post-105","page","type-page","status-publish","hentry"],"yoast_head":"<!-- This site is optimized with the Yoast SEO plugin v27.3 - https:\/\/yoast.com\/product\/yoast-seo-wordpress\/ -->\n<title>FAQs - SlideMe Out of Spam - Privacy-Friendly CAPTCHA for WordPress<\/title>\n<meta name=\"robots\" content=\"index, follow, max-snippet:-1, max-image-preview:large, max-video-preview:-1\" \/>\n<link rel=\"canonical\" href=\"https:\/\/sos-captcha.com\/de\/faqs-2-4\/\" \/>\n<meta property=\"og:locale\" content=\"de_DE\" \/>\n<meta property=\"og:type\" content=\"article\" \/>\n<meta property=\"og:title\" content=\"FAQs - SlideMe Out of Spam - Privacy-Friendly CAPTCHA for WordPress\" \/>\n<meta property=\"og:description\" content=\"Support Frequently Asked Questions Alles, was Sie \u00fcber SlideMe Out of Spam wissen m\u00fcssen. Allgemein Installation &amp; Kompatibilit\u00e4t Datenschutz &amp; Compliance Preise &amp; Lizenzierung Technisch Support Haben Sie noch Fragen? Kontaktieren Sie uns und wir helfen Ihnen gerne weiter.\" \/>\n<meta property=\"og:url\" content=\"https:\/\/sos-captcha.com\/de\/faqs-2-4\/\" \/>\n<meta property=\"og:site_name\" content=\"SlideMe Out of Spam - Privacy-Friendly CAPTCHA for WordPress\" \/>\n<meta property=\"article:modified_time\" content=\"2026-04-08T17:28:07+00:00\" \/>\n<meta name=\"twitter:card\" content=\"summary_large_image\" \/>\n<meta name=\"twitter:label1\" content=\"Gesch\u00e4tzte Lesezeit\" \/>\n\t<meta name=\"twitter:data1\" content=\"4\u00a0Minuten\" \/>\n<script type=\"application\/ld+json\" class=\"yoast-schema-graph\">{\"@context\":\"https:\\\/\\\/schema.org\",\"@graph\":[{\"@type\":\"WebPage\",\"@id\":\"https:\\\/\\\/sos-captcha.com\\\/de\\\/faqs-2-4\\\/\",\"url\":\"https:\\\/\\\/sos-captcha.com\\\/de\\\/faqs-2-4\\\/\",\"name\":\"FAQs - SlideMe Out of Spam - Privacy-Friendly CAPTCHA for WordPress\",\"isPartOf\":{\"@id\":\"https:\\\/\\\/sos-captcha.com\\\/de\\\/#website\"},\"datePublished\":\"2026-03-27T19:20:04+00:00\",\"dateModified\":\"2026-04-08T17:28:07+00:00\",\"breadcrumb\":{\"@id\":\"https:\\\/\\\/sos-captcha.com\\\/de\\\/faqs-2-4\\\/#breadcrumb\"},\"inLanguage\":\"de\",\"potentialAction\":[{\"@type\":\"ReadAction\",\"target\":[\"https:\\\/\\\/sos-captcha.com\\\/de\\\/faqs-2-4\\\/\"]}]},{\"@type\":\"BreadcrumbList\",\"@id\":\"https:\\\/\\\/sos-captcha.com\\\/de\\\/faqs-2-4\\\/#breadcrumb\",\"itemListElement\":[{\"@type\":\"ListItem\",\"position\":1,\"name\":\"Accueil\",\"item\":\"https:\\\/\\\/sos-captcha.com\\\/de\\\/\"},{\"@type\":\"ListItem\",\"position\":2,\"name\":\"FAQs\"}]},{\"@type\":\"WebSite\",\"@id\":\"https:\\\/\\\/sos-captcha.com\\\/de\\\/#website\",\"url\":\"https:\\\/\\\/sos-captcha.com\\\/de\\\/\",\"name\":\"SlideMe Out of Spam - Privacy-Friendly CAPTCHA for WordPress\",\"description\":\"Stop bots and spam without tracking your users. No cookies. No fingerprinting. No external services\",\"potentialAction\":[{\"@type\":\"SearchAction\",\"target\":{\"@type\":\"EntryPoint\",\"urlTemplate\":\"https:\\\/\\\/sos-captcha.com\\\/de\\\/?s={search_term_string}\"},\"query-input\":{\"@type\":\"PropertyValueSpecification\",\"valueRequired\":true,\"valueName\":\"search_term_string\"}}],\"inLanguage\":\"de\"}]}<\/script>\n<!-- \/ Yoast SEO plugin. -->","yoast_head_json":{"title":"FAQs - SlideMe Out of Spam - Privacy-Friendly CAPTCHA for WordPress","robots":{"index":"index","follow":"follow","max-snippet":"max-snippet:-1","max-image-preview":"max-image-preview:large","max-video-preview":"max-video-preview:-1"},"canonical":"https:\/\/sos-captcha.com\/de\/faqs-2-4\/","og_locale":"de_DE","og_type":"article","og_title":"FAQs - SlideMe Out of Spam - Privacy-Friendly CAPTCHA for WordPress","og_description":"Support Frequently Asked Questions Alles, was Sie \u00fcber SlideMe Out of Spam wissen m\u00fcssen. Allgemein Installation &amp; Kompatibilit\u00e4t Datenschutz &amp; Compliance Preise &amp; Lizenzierung Technisch Support Haben Sie noch Fragen? Kontaktieren Sie uns und wir helfen Ihnen gerne weiter.","og_url":"https:\/\/sos-captcha.com\/de\/faqs-2-4\/","og_site_name":"SlideMe Out of Spam - Privacy-Friendly CAPTCHA for WordPress","article_modified_time":"2026-04-08T17:28:07+00:00","twitter_card":"summary_large_image","twitter_misc":{"Gesch\u00e4tzte Lesezeit":"4\u00a0Minuten"},"schema":{"@context":"https:\/\/schema.org","@graph":[{"@type":"WebPage","@id":"https:\/\/sos-captcha.com\/de\/faqs-2-4\/","url":"https:\/\/sos-captcha.com\/de\/faqs-2-4\/","name":"FAQs - SlideMe Out of Spam - Privacy-Friendly CAPTCHA for WordPress","isPartOf":{"@id":"https:\/\/sos-captcha.com\/de\/#website"},"datePublished":"2026-03-27T19:20:04+00:00","dateModified":"2026-04-08T17:28:07+00:00","breadcrumb":{"@id":"https:\/\/sos-captcha.com\/de\/faqs-2-4\/#breadcrumb"},"inLanguage":"de","potentialAction":[{"@type":"ReadAction","target":["https:\/\/sos-captcha.com\/de\/faqs-2-4\/"]}]},{"@type":"BreadcrumbList","@id":"https:\/\/sos-captcha.com\/de\/faqs-2-4\/#breadcrumb","itemListElement":[{"@type":"ListItem","position":1,"name":"Accueil","item":"https:\/\/sos-captcha.com\/de\/"},{"@type":"ListItem","position":2,"name":"FAQs"}]},{"@type":"WebSite","@id":"https:\/\/sos-captcha.com\/de\/#website","url":"https:\/\/sos-captcha.com\/de\/","name":"SlideMe Out of Spam - Privacy-Friendly CAPTCHA for WordPress","description":"Stop bots and spam without tracking your users. No cookies. No fingerprinting. No external services","potentialAction":[{"@type":"SearchAction","target":{"@type":"EntryPoint","urlTemplate":"https:\/\/sos-captcha.com\/de\/?s={search_term_string}"},"query-input":{"@type":"PropertyValueSpecification","valueRequired":true,"valueName":"search_term_string"}}],"inLanguage":"de"}]}},"_links":{"self":[{"href":"https:\/\/sos-captcha.com\/de\/wp-json\/wp\/v2\/pages\/105","targetHints":{"allow":["GET"]}}],"collection":[{"href":"https:\/\/sos-captcha.com\/de\/wp-json\/wp\/v2\/pages"}],"about":[{"href":"https:\/\/sos-captcha.com\/de\/wp-json\/wp\/v2\/types\/page"}],"author":[{"embeddable":true,"href":"https:\/\/sos-captcha.com\/de\/wp-json\/wp\/v2\/users\/1"}],"replies":[{"embeddable":true,"href":"https:\/\/sos-captcha.com\/de\/wp-json\/wp\/v2\/comments?post=105"}],"version-history":[{"count":7,"href":"https:\/\/sos-captcha.com\/de\/wp-json\/wp\/v2\/pages\/105\/revisions"}],"predecessor-version":[{"id":646,"href":"https:\/\/sos-captcha.com\/de\/wp-json\/wp\/v2\/pages\/105\/revisions\/646"}],"wp:attachment":[{"href":"https:\/\/sos-captcha.com\/de\/wp-json\/wp\/v2\/media?parent=105"}],"curies":[{"name":"wp","href":"https:\/\/api.w.org\/{rel}","templated":true}]}}